{"id":15541,"date":"2025-01-21T15:34:47","date_gmt":"2025-01-21T18:34:47","guid":{"rendered":"https:\/\/marinhocouros.com.br\/?page_id=15541"},"modified":"2026-02-05T10:13:05","modified_gmt":"2026-02-05T13:13:05","slug":"trabalhe-conosco","status":"publish","type":"page","link":"https:\/\/homologacao.marinhocouros.com.br\/homologacao_2026\/trabalhe-conosco\/","title":{"rendered":"Trabalhe Conosco"},"content":{"rendered":"\t\t<div data-elementor-type=\"wp-page\" data-elementor-id=\"15541\" class=\"elementor elementor-15541\" data-elementor-post-type=\"page\">\n\t\t\t\t<div class=\"elementor-element elementor-element-5676748 e-flex e-con-boxed wpr-particle-no wpr-jarallax-no wpr-parallax-no wpr-sticky-section-no wpr-equal-height-no e-con e-parent\" data-id=\"5676748\" data-element_type=\"container\" data-e-type=\"container\">\n\t\t\t\t\t<div class=\"e-con-inner\">\n\t\t\t\t<div class=\"elementor-element elementor-element-7d63ac5 elementor-widget elementor-widget-mdp-crumber-elementor\" data-id=\"7d63ac5\" data-element_type=\"widget\" data-e-type=\"widget\" data-widget_type=\"mdp-crumber-elementor.default\">\n\t\t\t\t<div class=\"elementor-widget-container\">\n\t\t\t\t\t        <!-- Start Crumber for Elementor WordPress Plugin -->\n\t\t            <div class=\"mdp-crumber-elementor-box\">\n                <div class=\"mdp-crumber-elementor-breadcrumbs\">\n\t\t\t\t\t        <div class=\"mdp-crumber-elementor-breadcrumbs-item  \">\n\t\t\t\t\t\t\t\t\t\t\t\t                    <a href=\"https:\/\/homologacao.marinhocouros.com.br\/homologacao_2026\">Marinho Couros<\/a>\n\t\t\t\t\t\t\t        <\/div>\n\t\t            <span class=\"mdp-crumber-elementor-separator mdp-crumber-elementor-separator-hide-last\">\n            \/        <\/span>\n\t\t\t\t        <div class=\"mdp-crumber-elementor-breadcrumbs-item mdp-crumber-elementor-breadcrumbs-item-active \">\n\t\t\t\t\t\t\t\t\t\t\t\t                    <span>Trabalhe Conosco<\/span>\n\t\t\t\t\t\t\t        <\/div>\n\t\t            <span class=\"mdp-crumber-elementor-separator mdp-crumber-elementor-separator-hide-last\">\n            \/        <\/span>\n\t\t\t\t                <\/div>\n            <\/div>\n\t\t        <!-- End Crumber for Elementor WordPress Plugin -->\n\t\t\t\t\t\t<\/div>\n\t\t\t\t<\/div>\n\t\t\t\t\t<\/div>\n\t\t\t\t<\/div>\n\t\t<div class=\"elementor-element elementor-element-351b657b e-flex e-con-boxed wpr-particle-no wpr-jarallax-no wpr-parallax-no wpr-sticky-section-no wpr-equal-height-no e-con e-parent\" data-id=\"351b657b\" data-element_type=\"container\" data-e-type=\"container\" data-settings=\"{&quot;background_background&quot;:&quot;classic&quot;}\">\n\t\t\t\t\t<div class=\"e-con-inner\">\n\t\t\t\t<div class=\"elementor-element elementor-element-145b5614 elementor-widget__width-initial elementor-widget elementor-widget-heading\" data-id=\"145b5614\" data-element_type=\"widget\" data-e-type=\"widget\" data-widget_type=\"heading.default\">\n\t\t\t\t<div class=\"elementor-widget-container\">\n\t\t\t\t\t<h1 class=\"elementor-heading-title elementor-size-default\">Trabalhe Conosco<\/h1>\t\t\t\t<\/div>\n\t\t\t\t<\/div>\n\t\t\t\t\t<\/div>\n\t\t\t\t<\/div>\n\t\t<div class=\"elementor-element elementor-element-7ac12cce e-flex e-con-boxed wpr-particle-no wpr-jarallax-no wpr-parallax-no wpr-sticky-section-no wpr-equal-height-no e-con e-parent\" data-id=\"7ac12cce\" data-element_type=\"container\" data-e-type=\"container\">\n\t\t\t\t\t<div class=\"e-con-inner\">\n\t\t\t\t<div class=\"elementor-element elementor-element-416a0909 elementor-widget elementor-widget-heading\" data-id=\"416a0909\" data-element_type=\"widget\" data-e-type=\"widget\" data-widget_type=\"heading.default\">\n\t\t\t\t<div class=\"elementor-widget-container\">\n\t\t\t\t\t<h2 class=\"elementor-heading-title elementor-size-default\">Estamos prontos para te ajudar<\/h2>\t\t\t\t<\/div>\n\t\t\t\t<\/div>\n\t\t<div class=\"elementor-element elementor-element-64a421e2 e-con-full e-flex wpr-particle-no wpr-jarallax-no wpr-parallax-no wpr-sticky-section-no wpr-equal-height-no e-con e-child\" data-id=\"64a421e2\" data-element_type=\"container\" data-e-type=\"container\">\n\t\t<div class=\"elementor-element elementor-element-2aa066dd e-con-full e-flex wpr-particle-no wpr-jarallax-no wpr-parallax-no wpr-sticky-section-no wpr-equal-height-no e-con e-child\" data-id=\"2aa066dd\" data-element_type=\"container\" data-e-type=\"container\">\n\t\t\t\t<div class=\"elementor-element elementor-element-38a6bf04 elementor-position-top elementor-invisible elementor-widget elementor-widget-image-box\" data-id=\"38a6bf04\" data-element_type=\"widget\" data-e-type=\"widget\" data-settings=\"{&quot;_animation&quot;:&quot;slideInUp&quot;}\" data-widget_type=\"image-box.default\">\n\t\t\t\t<div class=\"elementor-widget-container\">\n\t\t\t\t\t<div class=\"elementor-image-box-wrapper\"><figure class=\"elementor-image-box-img\"><img decoding=\"async\" width=\"80\" height=\"80\" src=\"https:\/\/homologacao.marinhocouros.com.br\/homologacao_2026\/wp-content\/uploads\/2024\/12\/call-1.png\" class=\"elementor-animation-grow attachment-full size-full wp-image-14036\" alt=\"\" \/><\/figure><div class=\"elementor-image-box-content\"><h3 class=\"elementor-image-box-title\">Contato<\/h3><p class=\"elementor-image-box-description\">(31) 99617-4626<br>\n(31)3776-5355<br>\n(31) 3776-5322<\/p><\/div><\/div>\t\t\t\t<\/div>\n\t\t\t\t<\/div>\n\t\t\t\t<\/div>\n\t\t<div class=\"elementor-element elementor-element-3792050f e-con-full e-flex wpr-particle-no wpr-jarallax-no wpr-parallax-no wpr-sticky-section-no wpr-equal-height-no e-con e-child\" data-id=\"3792050f\" data-element_type=\"container\" data-e-type=\"container\">\n\t\t\t\t<div class=\"elementor-element elementor-element-65578eab elementor-position-top elementor-invisible elementor-widget elementor-widget-image-box\" data-id=\"65578eab\" data-element_type=\"widget\" data-e-type=\"widget\" data-settings=\"{&quot;_animation&quot;:&quot;slideInUp&quot;,&quot;_animation_delay&quot;:100}\" data-widget_type=\"image-box.default\">\n\t\t\t\t<div class=\"elementor-widget-container\">\n\t\t\t\t\t<div class=\"elementor-image-box-wrapper\"><figure class=\"elementor-image-box-img\"><img decoding=\"async\" width=\"80\" height=\"80\" src=\"https:\/\/homologacao.marinhocouros.com.br\/homologacao_2026\/wp-content\/uploads\/2024\/12\/envelope-1.png\" class=\"elementor-animation-grow attachment-full size-full wp-image-14037\" alt=\"\" \/><\/figure><div class=\"elementor-image-box-content\"><h3 class=\"elementor-image-box-title\">Email<\/h3><p class=\"elementor-image-box-description\">comercial@marinhocouros.com.br<\/p><\/div><\/div>\t\t\t\t<\/div>\n\t\t\t\t<\/div>\n\t\t\t\t<\/div>\n\t\t<div class=\"elementor-element elementor-element-2239dcf6 e-con-full e-flex wpr-particle-no wpr-jarallax-no wpr-parallax-no wpr-sticky-section-no wpr-equal-height-no e-con e-child\" data-id=\"2239dcf6\" data-element_type=\"container\" data-e-type=\"container\">\n\t\t\t\t<div class=\"elementor-element elementor-element-3e5cb2ee elementor-position-top elementor-invisible elementor-widget elementor-widget-image-box\" data-id=\"3e5cb2ee\" data-element_type=\"widget\" data-e-type=\"widget\" data-settings=\"{&quot;_animation&quot;:&quot;slideInUp&quot;,&quot;_animation_delay&quot;:200}\" data-widget_type=\"image-box.default\">\n\t\t\t\t<div class=\"elementor-widget-container\">\n\t\t\t\t\t<div class=\"elementor-image-box-wrapper\"><figure class=\"elementor-image-box-img\"><img decoding=\"async\" width=\"80\" height=\"80\" src=\"https:\/\/homologacao.marinhocouros.com.br\/homologacao_2026\/wp-content\/uploads\/2024\/12\/location.png\" class=\"elementor-animation-grow attachment-full size-full wp-image-14038\" alt=\"\" \/><\/figure><div class=\"elementor-image-box-content\"><h3 class=\"elementor-image-box-title\">Nosso Endere\u00e7o<\/h3><p class=\"elementor-image-box-description\">Av. Dr. Renato Azeredo, 1119 - Cana\u00e3, Sete Lagoas - MG, 35700-312<\/p><\/div><\/div>\t\t\t\t<\/div>\n\t\t\t\t<\/div>\n\t\t\t\t<\/div>\n\t\t<div class=\"elementor-element elementor-element-7759ffe8 e-con-full e-flex wpr-particle-no wpr-jarallax-no wpr-parallax-no wpr-sticky-section-no wpr-equal-height-no e-con e-child\" data-id=\"7759ffe8\" data-element_type=\"container\" data-e-type=\"container\">\n\t\t\t\t<div class=\"elementor-element elementor-element-6f432e04 elementor-position-top elementor-invisible elementor-widget elementor-widget-image-box\" data-id=\"6f432e04\" data-element_type=\"widget\" data-e-type=\"widget\" data-settings=\"{&quot;_animation&quot;:&quot;slideInUp&quot;,&quot;_animation_delay&quot;:300}\" data-widget_type=\"image-box.default\">\n\t\t\t\t<div class=\"elementor-widget-container\">\n\t\t\t\t\t<div class=\"elementor-image-box-wrapper\"><figure class=\"elementor-image-box-img\"><img loading=\"lazy\" decoding=\"async\" width=\"80\" height=\"80\" src=\"https:\/\/homologacao.marinhocouros.com.br\/homologacao_2026\/wp-content\/uploads\/2024\/12\/clock-1.png\" class=\"elementor-animation-grow attachment-full size-full wp-image-14039\" alt=\"\" \/><\/figure><div class=\"elementor-image-box-content\"><h3 class=\"elementor-image-box-title\">Hor\u00e1rio de Funcionamento<\/h3><p class=\"elementor-image-box-description\">Seg - Sex<br>\n8:00 - 18:00<\/p><\/div><\/div>\t\t\t\t<\/div>\n\t\t\t\t<\/div>\n\t\t\t\t<\/div>\n\t\t\t\t<\/div>\n\t\t\t\t\t<\/div>\n\t\t\t\t<\/div>\n\t\t<div class=\"elementor-element elementor-element-314dbf2 e-flex e-con-boxed wpr-particle-no wpr-jarallax-no wpr-parallax-no wpr-sticky-section-no wpr-equal-height-no e-con e-parent\" data-id=\"314dbf2\" data-element_type=\"container\" data-e-type=\"container\">\n\t\t\t\t\t<div class=\"e-con-inner\">\n\t\t\t\t<div class=\"elementor-element elementor-element-07ee28f elementor-widget-divider--view-line_text elementor-widget-divider--element-align-center elementor-widget elementor-widget-divider\" data-id=\"07ee28f\" data-element_type=\"widget\" data-e-type=\"widget\" data-widget_type=\"divider.default\">\n\t\t\t\t<div class=\"elementor-widget-container\">\n\t\t\t\t\t\t\t<div class=\"elementor-divider\">\n\t\t\t<span class=\"elementor-divider-separator\">\n\t\t\t\t\t\t\t<h2 class=\"elementor-divider__text elementor-divider__element\">\n\t\t\t\tHist\u00f3ria da Marinho Couros\t\t\t\t<\/h2>\n\t\t\t\t\t\t<\/span>\n\t\t<\/div>\n\t\t\t\t\t\t<\/div>\n\t\t\t\t<\/div>\n\t\t<div class=\"elementor-element elementor-element-c43032b e-con-full e-flex wpr-particle-no wpr-jarallax-no wpr-parallax-no wpr-sticky-section-no wpr-equal-height-no e-con e-child\" data-id=\"c43032b\" data-element_type=\"container\" data-e-type=\"container\">\n\t\t<div class=\"elementor-element elementor-element-d9cb841 e-con-full e-flex wpr-particle-no wpr-jarallax-no wpr-parallax-no wpr-sticky-section-no wpr-equal-height-no e-con e-child\" data-id=\"d9cb841\" data-element_type=\"container\" data-e-type=\"container\">\n\t\t\t\t<div class=\"elementor-element elementor-element-df77f2a elementor-widget elementor-widget-image\" data-id=\"df77f2a\" data-element_type=\"widget\" data-e-type=\"widget\" data-widget_type=\"image.default\">\n\t\t\t\t<div class=\"elementor-widget-container\">\n\t\t\t\t\t\t\t\t\t\t\t\t\t\t\t<img loading=\"lazy\" decoding=\"async\" width=\"600\" height=\"800\" src=\"https:\/\/homologacao.marinhocouros.com.br\/homologacao_2026\/wp-content\/uploads\/2025\/01\/IMG_0149-600x800.jpg\" class=\"attachment-large size-large wp-image-15589\" alt=\"\" srcset=\"https:\/\/homologacao.marinhocouros.com.br\/homologacao_2026\/wp-content\/uploads\/2025\/01\/IMG_0149-600x800.jpg 600w, https:\/\/homologacao.marinhocouros.com.br\/homologacao_2026\/wp-content\/uploads\/2025\/01\/IMG_0149-300x400.jpg 300w, https:\/\/homologacao.marinhocouros.com.br\/homologacao_2026\/wp-content\/uploads\/2025\/01\/IMG_0149-768x1024.jpg 768w, https:\/\/homologacao.marinhocouros.com.br\/homologacao_2026\/wp-content\/uploads\/2025\/01\/IMG_0149-1152x1536.jpg 1152w, https:\/\/homologacao.marinhocouros.com.br\/homologacao_2026\/wp-content\/uploads\/2025\/01\/IMG_0149-510x680.jpg 510w, https:\/\/homologacao.marinhocouros.com.br\/homologacao_2026\/wp-content\/uploads\/2025\/01\/IMG_0149.jpg 1536w\" sizes=\"(max-width: 600px) 100vw, 600px\" \/>\t\t\t\t\t\t\t\t\t\t\t\t\t\t\t<\/div>\n\t\t\t\t<\/div>\n\t\t\t\t<\/div>\n\t\t<div class=\"elementor-element elementor-element-25c2b11 e-con-full e-flex wpr-particle-no wpr-jarallax-no wpr-parallax-no wpr-sticky-section-no wpr-equal-height-no e-con e-child\" data-id=\"25c2b11\" data-element_type=\"container\" data-e-type=\"container\">\n\t\t\t\t<div class=\"elementor-element elementor-element-e8db092 elementor-widget elementor-widget-text-editor\" data-id=\"e8db092\" data-element_type=\"widget\" data-e-type=\"widget\" data-widget_type=\"text-editor.default\">\n\t\t\t\t<div class=\"elementor-widget-container\">\n\t\t\t\t\t\t\t\t\t<p>A Marinho Couros \u00e9 uma empresa especializada no com\u00e9rcio de tecidos, couro sint\u00e9tico e artigos em geral, com destaque aos produtos para reforma de estofados residenciais, corporativos e automotivos.<\/p><p>Surgimos com a proposta de fornecer aos nossos clientes, bem estar e personaliza\u00e7\u00e3o do seu estofado atrav\u00e9s de produtos de excelente qualidade, durabilidade, versatilidade tudo a pronta entrega.<\/p><p>Nossa hist\u00f3ria se iniciou ap\u00f3s o Sr. Marinho, fundador da empresa, enxergar a oportunidade perante a uma necessidade de mercado onde ele mesmo j\u00e1 atuava. Detentor de uma renomada reformadora de estofados de autom\u00f3veis na cidade de Sete Lagoas, possu\u00eda diversos tecidos e produtos para o consumo pr\u00f3prio do seu segmento, mantendo sempre a\u00a0qualidade e originalidade\u00a0em todos os artigos.<\/p><p>Devido ao grande n\u00famero de demandas, o Sr. Marinho decidiu montar uma loja separada da reformadora, implementando mais itens e artigos do segmento, dando in\u00edcio a Marinho Couros.<\/p><p>Diante do cen\u00e1rio atual, constru\u00edmos uma\u00a0equipe capacitada\u00a0para desenvolver solu\u00e7\u00f5es, auxiliando nossos clientes desde a escolha dos produtos at\u00e9 a etapa final de compra, visando sempre oferecer a todos a\u00a0melhor experi\u00eancia do mercado, para que futuramente se tornem clientes recorrentes do nosso estabelecimento.<\/p>\t\t\t\t\t\t\t\t<\/div>\n\t\t\t\t<\/div>\n\t\t<div class=\"elementor-element elementor-element-58aeb22 e-con-full e-grid wpr-particle-no wpr-jarallax-no wpr-parallax-no wpr-sticky-section-no wpr-equal-height-no e-con e-child\" data-id=\"58aeb22\" data-element_type=\"container\" data-e-type=\"container\">\n\t\t\t\t<div class=\"elementor-element elementor-element-358f289 elementor-widget elementor-widget-image\" data-id=\"358f289\" data-element_type=\"widget\" data-e-type=\"widget\" data-widget_type=\"image.default\">\n\t\t\t\t<div class=\"elementor-widget-container\">\n\t\t\t\t\t\t\t\t\t\t\t\t\t\t\t<img loading=\"lazy\" decoding=\"async\" width=\"600\" height=\"800\" src=\"https:\/\/homologacao.marinhocouros.com.br\/homologacao_2026\/wp-content\/uploads\/2025\/01\/IMG_0565-600x800.jpg\" class=\"attachment-large size-large wp-image-15590\" alt=\"\" srcset=\"https:\/\/homologacao.marinhocouros.com.br\/homologacao_2026\/wp-content\/uploads\/2025\/01\/IMG_0565-600x800.jpg 600w, https:\/\/homologacao.marinhocouros.com.br\/homologacao_2026\/wp-content\/uploads\/2025\/01\/IMG_0565-300x400.jpg 300w, https:\/\/homologacao.marinhocouros.com.br\/homologacao_2026\/wp-content\/uploads\/2025\/01\/IMG_0565-768x1024.jpg 768w, https:\/\/homologacao.marinhocouros.com.br\/homologacao_2026\/wp-content\/uploads\/2025\/01\/IMG_0565-1152x1536.jpg 1152w, https:\/\/homologacao.marinhocouros.com.br\/homologacao_2026\/wp-content\/uploads\/2025\/01\/IMG_0565-510x680.jpg 510w, https:\/\/homologacao.marinhocouros.com.br\/homologacao_2026\/wp-content\/uploads\/2025\/01\/IMG_0565.jpg 1536w\" sizes=\"(max-width: 600px) 100vw, 600px\" \/>\t\t\t\t\t\t\t\t\t\t\t\t\t\t\t<\/div>\n\t\t\t\t<\/div>\n\t\t\t\t<div class=\"elementor-element elementor-element-fc730b7 elementor-widget elementor-widget-image\" data-id=\"fc730b7\" data-element_type=\"widget\" data-e-type=\"widget\" data-widget_type=\"image.default\">\n\t\t\t\t<div class=\"elementor-widget-container\">\n\t\t\t\t\t\t\t\t\t\t\t\t\t\t\t<img loading=\"lazy\" decoding=\"async\" width=\"600\" height=\"800\" src=\"https:\/\/homologacao.marinhocouros.com.br\/homologacao_2026\/wp-content\/uploads\/2025\/01\/IMG_0393-600x800.jpg\" class=\"attachment-large size-large wp-image-15591\" alt=\"\" srcset=\"https:\/\/homologacao.marinhocouros.com.br\/homologacao_2026\/wp-content\/uploads\/2025\/01\/IMG_0393-600x800.jpg 600w, https:\/\/homologacao.marinhocouros.com.br\/homologacao_2026\/wp-content\/uploads\/2025\/01\/IMG_0393-300x400.jpg 300w, https:\/\/homologacao.marinhocouros.com.br\/homologacao_2026\/wp-content\/uploads\/2025\/01\/IMG_0393-768x1024.jpg 768w, https:\/\/homologacao.marinhocouros.com.br\/homologacao_2026\/wp-content\/uploads\/2025\/01\/IMG_0393-1152x1536.jpg 1152w, https:\/\/homologacao.marinhocouros.com.br\/homologacao_2026\/wp-content\/uploads\/2025\/01\/IMG_0393-510x680.jpg 510w, https:\/\/homologacao.marinhocouros.com.br\/homologacao_2026\/wp-content\/uploads\/2025\/01\/IMG_0393.jpg 1536w\" sizes=\"(max-width: 600px) 100vw, 600px\" \/>\t\t\t\t\t\t\t\t\t\t\t\t\t\t\t<\/div>\n\t\t\t\t<\/div>\n\t\t\t\t<\/div>\n\t\t\t\t<\/div>\n\t\t\t\t<\/div>\n\t\t\t\t\t<\/div>\n\t\t\t\t<\/div>\n\t\t<div class=\"elementor-element elementor-element-0107097 e-flex e-con-boxed wpr-particle-no wpr-jarallax-no wpr-parallax-no wpr-sticky-section-no wpr-equal-height-no e-con e-parent\" data-id=\"0107097\" data-element_type=\"container\" data-e-type=\"container\">\n\t\t\t\t\t<div class=\"e-con-inner\">\n\t\t\t\t<div class=\"elementor-element elementor-element-3afe5b8 elementor-widget-divider--view-line_text elementor-widget-divider--element-align-center elementor-widget elementor-widget-divider\" data-id=\"3afe5b8\" data-element_type=\"widget\" data-e-type=\"widget\" data-widget_type=\"divider.default\">\n\t\t\t\t<div class=\"elementor-widget-container\">\n\t\t\t\t\t\t\t<div class=\"elementor-divider\">\n\t\t\t<span class=\"elementor-divider-separator\">\n\t\t\t\t\t\t\t<h2 class=\"elementor-divider__text elementor-divider__element\">\n\t\t\t\tTrabalhe Conosco\t\t\t\t<\/h2>\n\t\t\t\t\t\t<\/span>\n\t\t<\/div>\n\t\t\t\t\t\t<\/div>\n\t\t\t\t<\/div>\n\t\t\t\t\t<\/div>\n\t\t\t\t<\/div>\n\t\t<div class=\"elementor-element elementor-element-4b7b2fdb e-flex e-con-boxed wpr-particle-no wpr-jarallax-no wpr-parallax-no wpr-sticky-section-no wpr-equal-height-no e-con e-parent\" data-id=\"4b7b2fdb\" data-element_type=\"container\" data-e-type=\"container\">\n\t\t\t\t\t<div class=\"e-con-inner\">\n\t\t<div class=\"elementor-element elementor-element-70070aa7 e-flex e-con-boxed wpr-particle-no wpr-jarallax-no wpr-parallax-no wpr-sticky-section-no wpr-equal-height-no e-con e-child\" data-id=\"70070aa7\" data-element_type=\"container\" data-e-type=\"container\" data-settings=\"{&quot;background_background&quot;:&quot;classic&quot;}\">\n\t\t\t\t\t<div class=\"e-con-inner\">\n\t\t\t\t<div class=\"elementor-element elementor-element-6b1c4a0 elementor-widget elementor-widget-spacer\" data-id=\"6b1c4a0\" data-element_type=\"widget\" data-e-type=\"widget\" data-widget_type=\"spacer.default\">\n\t\t\t\t<div class=\"elementor-widget-container\">\n\t\t\t\t\t\t\t<div class=\"elementor-spacer\">\n\t\t\t<div class=\"elementor-spacer-inner\"><\/div>\n\t\t<\/div>\n\t\t\t\t\t\t<\/div>\n\t\t\t\t<\/div>\n\t\t\t\t\t<\/div>\n\t\t\t\t<\/div>\n\t\t<div class=\"elementor-element elementor-element-5e549158 e-flex e-con-boxed wpr-particle-no wpr-jarallax-no wpr-parallax-no wpr-sticky-section-no wpr-equal-height-no e-con e-child\" data-id=\"5e549158\" data-element_type=\"container\" data-e-type=\"container\">\n\t\t\t\t\t<div class=\"e-con-inner\">\n\t\t\t\t<div class=\"elementor-element elementor-element-20a8e505 elementor-widget__width-initial elementor-widget elementor-widget-text-editor\" data-id=\"20a8e505\" data-element_type=\"widget\" data-e-type=\"widget\" data-widget_type=\"text-editor.default\">\n\t\t\t\t<div class=\"elementor-widget-container\">\n\t\t\t\t\t\t\t\t\t<p>Envie seu curr\u00edculo e vamos analisa-lo, e entraremos em contato posteriormente.<\/p>\t\t\t\t\t\t\t\t<\/div>\n\t\t\t\t<\/div>\n\t\t\t\t<div class=\"elementor-element elementor-element-064b61b elementor-button-align-stretch elementor-widget elementor-widget-form\" data-id=\"064b61b\" data-element_type=\"widget\" data-e-type=\"widget\" data-settings=\"{&quot;button_width&quot;:&quot;30&quot;,&quot;step_next_label&quot;:&quot;Next&quot;,&quot;step_previous_label&quot;:&quot;Previous&quot;,&quot;step_type&quot;:&quot;number_text&quot;,&quot;step_icon_shape&quot;:&quot;circle&quot;}\" data-widget_type=\"form.default\">\n\t\t\t\t<div class=\"elementor-widget-container\">\n\t\t\t\t\t\t\t<form class=\"elementor-form\" method=\"post\" name=\"New Form\" aria-label=\"New Form\">\n\t\t\t<input type=\"hidden\" name=\"post_id\" value=\"15541\"\/>\n\t\t\t<input type=\"hidden\" name=\"form_id\" value=\"064b61b\"\/>\n\t\t\t<input type=\"hidden\" name=\"referer_title\" value=\"Trabalhe Conosco\" \/>\n\n\t\t\t\t\t\t\t<input type=\"hidden\" name=\"queried_id\" value=\"15541\"\/>\n\t\t\t\n\t\t\t<div class=\"elementor-form-fields-wrapper elementor-labels-above\">\n\t\t\t\t\t\t\t\t<div class=\"elementor-field-type-text elementor-field-group elementor-column elementor-field-group-name elementor-col-50\">\n\t\t\t\t\t\t\t\t\t\t\t\t\t<input size=\"1\" type=\"text\" name=\"form_fields[name]\" id=\"form-field-name\" class=\"elementor-field elementor-size-sm  elementor-field-textual\" placeholder=\"Seu Nome\">\n\t\t\t\t\t\t\t\t\t\t\t<\/div>\n\t\t\t\t\t\t\t\t<div class=\"elementor-field-type-email elementor-field-group elementor-column elementor-field-group-email elementor-col-50 elementor-field-required\">\n\t\t\t\t\t\t\t\t\t\t\t\t\t<input size=\"1\" type=\"email\" name=\"form_fields[email]\" id=\"form-field-email\" class=\"elementor-field elementor-size-sm  elementor-field-textual\" placeholder=\"Seu Email\" required=\"required\">\n\t\t\t\t\t\t\t\t\t\t\t<\/div>\n\t\t\t\t\t\t\t\t<div class=\"elementor-field-type-textarea elementor-field-group elementor-column elementor-field-group-message elementor-col-100\">\n\t\t\t\t\t<textarea class=\"elementor-field-textual elementor-field  elementor-size-sm\" name=\"form_fields[message]\" id=\"form-field-message\" rows=\"4\" placeholder=\"Mensagem\"><\/textarea>\t\t\t\t<\/div>\n\t\t\t\t\t\t\t\t<div class=\"elementor-field-type-upload elementor-field-group elementor-column elementor-field-group-field_6c4e333 elementor-col-100\">\n\t\t\t\t\t\t\t\t\t\t\t\t<label for=\"form-field-field_6c4e333\" class=\"elementor-field-label\">\n\t\t\t\t\t\t\t\tEnvie seu Curr\u00edculo\t\t\t\t\t\t\t<\/label>\n\t\t\t\t\t\t\t\t<input type=\"file\" name=\"form_fields[field_6c4e333]\" id=\"form-field-field_6c4e333\" class=\"elementor-field elementor-size-sm  elementor-upload-field\">\n\n\t\t\t\t\t\t<\/div>\n\t\t\t\t\t\t\t\t<div class=\"elementor-field-group elementor-column elementor-field-type-submit elementor-col-30 e-form__buttons\">\n\t\t\t\t\t<button class=\"elementor-button elementor-size-sm\" type=\"submit\">\n\t\t\t\t\t\t<span class=\"elementor-button-content-wrapper\">\n\t\t\t\t\t\t\t\t\t\t\t\t\t\t\t<span class=\"elementor-button-icon\">\n\t\t\t\t\t\t\t\t\t<i aria-hidden=\"true\" class=\"far fa-arrow-alt-circle-right\"><\/i>\t\t\t\t\t\t\t\t\t\t\t\t\t\t\t\t\t<\/span>\n\t\t\t\t\t\t\t\t\t\t\t\t\t\t\t\t\t\t\t\t\t\t<span class=\"elementor-button-text\">Enviar<\/span>\n\t\t\t\t\t\t\t\t\t\t\t\t\t<\/span>\n\t\t\t\t\t<\/button>\n\t\t\t\t<\/div>\n\t\t\t<\/div>\n\t\t<\/form>\n\t\t\t\t\t\t<\/div>\n\t\t\t\t<\/div>\n\t\t\t\t\t<\/div>\n\t\t\t\t<\/div>\n\t\t\t\t\t<\/div>\n\t\t\t\t<\/div>\n\t\t\t\t<\/div>\n\t\t","protected":false},"excerpt":{"rendered":"<p>Marinho Couros \/ Trabalhe Conosco \/ Trabalhe Conosco Estamos prontos para te ajudar Contato (31) 99617-4626 (31)3776-5355 (31) 3776-5322 Email comercial@marinhocouros.com.br Nosso Endere\u00e7o Av. Dr. Renato Azeredo, 1119 &#8211; Cana\u00e3, Sete Lagoas &#8211; MG, 35700-312 Hor\u00e1rio de Funcionamento Seg &#8211; Sex 8:00 &#8211; 18:00 Hist\u00f3ria da Marinho Couros A Marinho Couros \u00e9 uma empresa especializada no com\u00e9rcio de tecidos, couro sint\u00e9tico e artigos em geral, com destaque aos produtos para reforma de estofados residenciais, corporativos e automotivos. Surgimos com a proposta de fornecer aos nossos clientes, bem estar e personaliza\u00e7\u00e3o do seu estofado atrav\u00e9s de produtos de excelente qualidade, durabilidade, versatilidade tudo a pronta entrega. Nossa hist\u00f3ria se iniciou ap\u00f3s o Sr. Marinho, fundador da empresa, enxergar a oportunidade perante a uma necessidade de mercado onde ele mesmo j\u00e1 atuava. Detentor de uma renomada reformadora de estofados de autom\u00f3veis na cidade de Sete Lagoas, possu\u00eda diversos tecidos e produtos para o consumo pr\u00f3prio do seu segmento, mantendo sempre a\u00a0qualidade e originalidade\u00a0em todos os artigos. Devido ao grande n\u00famero de demandas, o Sr. Marinho decidiu montar uma loja separada da reformadora, implementando mais itens e artigos do segmento, dando in\u00edcio a Marinho Couros. Diante do cen\u00e1rio atual, constru\u00edmos uma\u00a0equipe capacitada\u00a0para desenvolver solu\u00e7\u00f5es, auxiliando nossos clientes desde a escolha dos produtos at\u00e9 a etapa final de compra, visando sempre oferecer a todos a\u00a0melhor experi\u00eancia do mercado, para que futuramente se tornem clientes recorrentes do nosso estabelecimento. Trabalhe Conosco Envie seu curr\u00edculo e vamos analisa-lo, e entraremos em contato posteriormente.<\/p>\n","protected":false},"author":3,"featured_media":0,"parent":0,"menu_order":0,"comment_status":"closed","ping_status":"closed","template":"elementor_header_footer","meta":{"footnotes":""},"class_list":["post-15541","page","type-page","status-publish","hentry"],"_links":{"self":[{"href":"https:\/\/homologacao.marinhocouros.com.br\/homologacao_2026\/wp-json\/wp\/v2\/pages\/15541","targetHints":{"allow":["GET"]}}],"collection":[{"href":"https:\/\/homologacao.marinhocouros.com.br\/homologacao_2026\/wp-json\/wp\/v2\/pages"}],"about":[{"href":"https:\/\/homologacao.marinhocouros.com.br\/homologacao_2026\/wp-json\/wp\/v2\/types\/page"}],"author":[{"embeddable":true,"href":"https:\/\/homologacao.marinhocouros.com.br\/homologacao_2026\/wp-json\/wp\/v2\/users\/3"}],"replies":[{"embeddable":true,"href":"https:\/\/homologacao.marinhocouros.com.br\/homologacao_2026\/wp-json\/wp\/v2\/comments?post=15541"}],"version-history":[{"count":0,"href":"https:\/\/homologacao.marinhocouros.com.br\/homologacao_2026\/wp-json\/wp\/v2\/pages\/15541\/revisions"}],"wp:attachment":[{"href":"https:\/\/homologacao.marinhocouros.com.br\/homologacao_2026\/wp-json\/wp\/v2\/media?parent=15541"}],"curies":[{"name":"wp","href":"https:\/\/api.w.org\/{rel}","templated":true}]}}