{"id":11702,"date":"2022-02-09T16:20:57","date_gmt":"2022-02-09T19:20:57","guid":{"rendered":"http:\/\/marinhocouros.com.br\/?post_type=product&#038;p=11702"},"modified":"2026-04-20T17:29:19","modified_gmt":"2026-04-20T20:29:19","slug":"cola-bisnaga-de-contato","status":"publish","type":"product","link":"https:\/\/homologacao.marinhocouros.com.br\/homologacao_2026\/produto\/cola-bisnaga-de-contato\/","title":{"rendered":"Cola bisnaga de contato"},"content":{"rendered":"<div class=\"KrBgDCJfHYWjiY\">\n<div>\n<div class=\"uilHrMFcZTKnuh\">\n<div class=\"ak-renderer-wrapper is-full-width css-1jke4yk\">\n<div class=\"css-1g6xwps\">\n<div class=\"ak-renderer-document\">\n<h3 data-renderer-start-pos=\"1\">Cola Kisafix couro forte<\/h3>\n<p data-renderer-start-pos=\"27\"><strong data-renderer-mark=\"true\">Para que ela serve:<\/strong><\/p>\n<ul class=\"ak-ul\" data-indent-level=\"1\">\n<li>\n<p data-renderer-start-pos=\"50\">Cola de alta resist\u00eancia logo ap\u00f3s a aplica\u00e7\u00e3o, ideal para colagem de sapatos, espumas e couros.<\/p>\n<\/li>\n<\/ul>\n<p data-renderer-start-pos=\"150\"><strong data-renderer-mark=\"true\">Benef\u00edcios:<\/strong><\/p>\n<ul class=\"ak-ul\" data-indent-level=\"1\">\n<li>\n<p data-renderer-start-pos=\"165\">Proporciona uma ades\u00e3o r\u00e1pida e forte, garantindo uma colagem eficaz desde o momento da aplica\u00e7\u00e3o.<\/p>\n<\/li>\n<li>\n<p data-renderer-start-pos=\"267\">Especialmente formulada para materiais como sapatos, espumas e couros, oferecendo durabilidade e resist\u00eancia.<\/p>\n<\/li>\n<li>\n<p data-renderer-start-pos=\"380\">F\u00e1cil de aplicar e utilizar, facilitando o processo de colagem.<\/p>\n<\/li>\n<\/ul>\n<p data-renderer-start-pos=\"447\"><strong data-renderer-mark=\"true\">Como ela \u00e9 usada:<\/strong><\/p>\n<ul class=\"ak-ul\" data-indent-level=\"1\">\n<li>\n<p data-renderer-start-pos=\"468\">Aplicar a cola Kisafix nas duas partes a serem unidas.<\/p>\n<\/li>\n<li>\n<p data-renderer-start-pos=\"526\">Aguardar cerca de 5 minutos para que a cola comece a secar e formar uma superf\u00edcie pegajosa.<\/p>\n<\/li>\n<li>\n<p data-renderer-start-pos=\"622\">Juntar as duas partes firmemente e pressionar por alguns segundos para garantir a ades\u00e3o completa.<\/p>\n<\/li>\n<li>\n<p data-renderer-start-pos=\"724\">Permitir que a cola seque completamente conforme as instru\u00e7\u00f5es do fabricante para obter melhores resultados.<\/p>\n<\/li>\n<\/ul>\n<\/div>\n<\/div>\n<\/div>\n<\/div>\n<\/div>\n<\/div>\n<h1><\/h1>\n","protected":false},"excerpt":{"rendered":"<p>Cola de alta resist\u00eancia logo ap\u00f3s a aplica\u00e7\u00e3o, ideal para colagem de sapatos, espumas e couros.<\/p>\n","protected":false},"featured_media":17725,"comment_status":"open","ping_status":"closed","template":"","meta":[],"product_brand":[],"product_cat":[767,745,41],"product_tag":[],"class_list":{"0":"post-11702","1":"product","2":"type-product","3":"status-publish","4":"has-post-thumbnail","6":"product_cat-acessorios-e-suprimentos","7":"product_cat-colas","8":"product_cat-todos","10":"first","11":"instock","12":"shipping-taxable","13":"purchasable","14":"product-type-simple"},"_links":{"self":[{"href":"https:\/\/homologacao.marinhocouros.com.br\/homologacao_2026\/wp-json\/wp\/v2\/product\/11702","targetHints":{"allow":["GET"]}}],"collection":[{"href":"https:\/\/homologacao.marinhocouros.com.br\/homologacao_2026\/wp-json\/wp\/v2\/product"}],"about":[{"href":"https:\/\/homologacao.marinhocouros.com.br\/homologacao_2026\/wp-json\/wp\/v2\/types\/product"}],"replies":[{"embeddable":true,"href":"https:\/\/homologacao.marinhocouros.com.br\/homologacao_2026\/wp-json\/wp\/v2\/comments?post=11702"}],"version-history":[{"count":0,"href":"https:\/\/homologacao.marinhocouros.com.br\/homologacao_2026\/wp-json\/wp\/v2\/product\/11702\/revisions"}],"wp:featuredmedia":[{"embeddable":true,"href":"https:\/\/homologacao.marinhocouros.com.br\/homologacao_2026\/wp-json\/wp\/v2\/media\/17725"}],"wp:attachment":[{"href":"https:\/\/homologacao.marinhocouros.com.br\/homologacao_2026\/wp-json\/wp\/v2\/media?parent=11702"}],"wp:term":[{"taxonomy":"product_brand","embeddable":true,"href":"https:\/\/homologacao.marinhocouros.com.br\/homologacao_2026\/wp-json\/wp\/v2\/product_brand?post=11702"},{"taxonomy":"product_cat","embeddable":true,"href":"https:\/\/homologacao.marinhocouros.com.br\/homologacao_2026\/wp-json\/wp\/v2\/product_cat?post=11702"},{"taxonomy":"product_tag","embeddable":true,"href":"https:\/\/homologacao.marinhocouros.com.br\/homologacao_2026\/wp-json\/wp\/v2\/product_tag?post=11702"}],"curies":[{"name":"wp","href":"https:\/\/api.w.org\/{rel}","templated":true}]}}