{"id":11745,"date":"2022-02-09T16:59:32","date_gmt":"2022-02-09T19:59:32","guid":{"rendered":"http:\/\/marinhocouros.com.br\/?post_type=product&#038;p=11745"},"modified":"2025-12-10T15:15:53","modified_gmt":"2025-12-10T18:15:53","slug":"tnt","status":"publish","type":"product","link":"https:\/\/homologacao.marinhocouros.com.br\/homologacao_2026\/produto\/tnt\/","title":{"rendered":"Tachas"},"content":{"rendered":"<h3 data-renderer-start-pos=\"1\">Tachas<\/h3>\n<p data-renderer-start-pos=\"9\"><strong data-renderer-mark=\"true\">Para que ele serve:<\/strong><\/p>\n<ul class=\"ak-ul\" data-indent-level=\"1\">\n<li>\n<p data-renderer-start-pos=\"32\">Usadas para dar acabamento em estofados e outras estruturas, adicionando um toque decorativo e refinado.<\/p>\n<\/li>\n<\/ul>\n<p data-renderer-start-pos=\"140\"><strong data-renderer-mark=\"true\">Benef\u00edcios:<\/strong><\/p>\n<ul class=\"ak-ul\" data-indent-level=\"1\">\n<li>\n<p data-renderer-start-pos=\"155\">Oferece um acabamento sofisticado e detalhado, real\u00e7ando o design do m\u00f3vel.<\/p>\n<\/li>\n<li>\n<p data-renderer-start-pos=\"234\">Dispon\u00edvel em diversas cores, como dourado, fume e prata, permitindo a combina\u00e7\u00e3o com diferentes estilos e cores de tecido.<\/p>\n<\/li>\n<li>\n<p data-renderer-start-pos=\"361\">Aumenta a durabilidade e a resist\u00eancia das bordas e detalhes do estofado.<\/p>\n<\/li>\n<\/ul>\n<p data-renderer-start-pos=\"438\"><strong data-renderer-mark=\"true\">Como ele \u00e9 usado:<\/strong><\/p>\n<ul class=\"ak-ul\" data-indent-level=\"1\">\n<li>\n<p data-renderer-start-pos=\"459\">Fixadas ao longo das bordas dos m\u00f3veis, como sof\u00e1s, poltronas e cadeiras, ou em detalhes decorativos como p\u00e9s e bra\u00e7os.<\/p>\n<\/li>\n<li>\n<p data-renderer-start-pos=\"582\">Podem ser aplicadas manualmente ou com ferramentas espec\u00edficas para garantir que fiquem firmes e seguras.<\/p>\n<\/li>\n<li>\n<p data-renderer-start-pos=\"691\">As diferentes cores permitem criar padr\u00f5es e contrastes que complementam o estilo do m\u00f3vel.<\/p>\n<\/li>\n<\/ul>\n<p><span style=\"text-transform: uppercase; font-size: 14.4px;\">.<\/span><\/p>\n","protected":false},"excerpt":{"rendered":"<p>Usadas para dar acabamento em estofados e outras estruturas, adicionando um toque decorativo e refinado.<\/p>\n","protected":false},"featured_media":17696,"comment_status":"open","ping_status":"closed","template":"","meta":[],"product_brand":[],"product_cat":[737,767,744,41],"product_tag":[],"class_list":{"0":"post-11745","1":"product","2":"type-product","3":"status-publish","4":"has-post-thumbnail","6":"product_cat-acabamentos","7":"product_cat-acessorios-e-suprimentos","8":"product_cat-tachas","9":"product_cat-todos","11":"first","12":"outofstock","13":"shipping-taxable","14":"purchasable","15":"product-type-variable"},"_links":{"self":[{"href":"https:\/\/homologacao.marinhocouros.com.br\/homologacao_2026\/wp-json\/wp\/v2\/product\/11745","targetHints":{"allow":["GET"]}}],"collection":[{"href":"https:\/\/homologacao.marinhocouros.com.br\/homologacao_2026\/wp-json\/wp\/v2\/product"}],"about":[{"href":"https:\/\/homologacao.marinhocouros.com.br\/homologacao_2026\/wp-json\/wp\/v2\/types\/product"}],"replies":[{"embeddable":true,"href":"https:\/\/homologacao.marinhocouros.com.br\/homologacao_2026\/wp-json\/wp\/v2\/comments?post=11745"}],"version-history":[{"count":0,"href":"https:\/\/homologacao.marinhocouros.com.br\/homologacao_2026\/wp-json\/wp\/v2\/product\/11745\/revisions"}],"wp:featuredmedia":[{"embeddable":true,"href":"https:\/\/homologacao.marinhocouros.com.br\/homologacao_2026\/wp-json\/wp\/v2\/media\/17696"}],"wp:attachment":[{"href":"https:\/\/homologacao.marinhocouros.com.br\/homologacao_2026\/wp-json\/wp\/v2\/media?parent=11745"}],"wp:term":[{"taxonomy":"product_brand","embeddable":true,"href":"https:\/\/homologacao.marinhocouros.com.br\/homologacao_2026\/wp-json\/wp\/v2\/product_brand?post=11745"},{"taxonomy":"product_cat","embeddable":true,"href":"https:\/\/homologacao.marinhocouros.com.br\/homologacao_2026\/wp-json\/wp\/v2\/product_cat?post=11745"},{"taxonomy":"product_tag","embeddable":true,"href":"https:\/\/homologacao.marinhocouros.com.br\/homologacao_2026\/wp-json\/wp\/v2\/product_tag?post=11745"}],"curies":[{"name":"wp","href":"https:\/\/api.w.org\/{rel}","templated":true}]}}