{"id":11789,"date":"2022-02-09T17:24:49","date_gmt":"2022-02-09T20:24:49","guid":{"rendered":"http:\/\/marinhocouros.com.br\/?post_type=product&#038;p=11789"},"modified":"2025-12-10T15:11:42","modified_gmt":"2025-12-10T18:11:42","slug":"papelao","status":"publish","type":"product","link":"https:\/\/homologacao.marinhocouros.com.br\/homologacao_2026\/produto\/papelao\/","title":{"rendered":"Papel\u00e3o"},"content":{"rendered":"<h3 data-renderer-start-pos=\"1\">Papel\u00e3o 040<\/h3>\n<p data-renderer-start-pos=\"14\"><strong data-renderer-mark=\"true\">Para que ele serve:<\/strong><\/p>\n<ul class=\"ak-ul\" data-indent-level=\"1\">\n<li>\n<p data-renderer-start-pos=\"37\">Usado para realizar moldes e acabamentos nos estofados, especialmente em \u00e1reas como bra\u00e7os e laterais de estofados.<\/p>\n<\/li>\n<\/ul>\n<p data-renderer-start-pos=\"156\"><strong data-renderer-mark=\"true\">Benef\u00edcios:<\/strong><\/p>\n<ul class=\"ak-ul\" data-indent-level=\"1\">\n<li>\n<p data-renderer-start-pos=\"171\">Proporciona estrutura e suporte aos estofados, ajudando a manter a forma e a rigidez.<\/p>\n<\/li>\n<li>\n<p data-renderer-start-pos=\"260\">Facilita a cria\u00e7\u00e3o de moldes precisos para partes espec\u00edficas dos m\u00f3veis.<\/p>\n<\/li>\n<li>\n<p data-renderer-start-pos=\"337\">Contribui para um acabamento limpo e profissional nas \u00e1reas aplicadas.<\/p>\n<\/li>\n<\/ul>\n<p data-renderer-start-pos=\"411\"><strong data-renderer-mark=\"true\">Como ele \u00e9 usado:<\/strong><\/p>\n<ul class=\"ak-ul\" data-indent-level=\"1\">\n<li>\n<p data-renderer-start-pos=\"432\">Cortado no formato desejado para criar moldes que ser\u00e3o usados como base para a aplica\u00e7\u00e3o de tecido e espuma.<\/p>\n<\/li>\n<li>\n<p data-renderer-start-pos=\"545\">Aplicado nas \u00e1reas internas dos estofados, como bra\u00e7os e laterais, para fornecer suporte estrutural.<\/p>\n<\/li>\n<li>\n<p data-renderer-start-pos=\"649\">Fixado com grampos, cola ou outras t\u00e9cnicas de fixa\u00e7\u00e3o para garantir que fique firmemente no lugar antes da aplica\u00e7\u00e3o dos materiais de revestimento.<\/p>\n<\/li>\n<\/ul>\n","protected":false},"excerpt":{"rendered":"<p>Usado para realizar moldes e acabamentos nos estofados, especialmente em \u00e1reas como bra\u00e7os e laterais de estofados.<\/p>\n","protected":false},"featured_media":17778,"comment_status":"open","ping_status":"closed","template":"","meta":[],"product_brand":[],"product_cat":[737,767,739,41],"product_tag":[],"class_list":{"0":"post-11789","1":"product","2":"type-product","3":"status-publish","4":"has-post-thumbnail","6":"product_cat-acabamentos","7":"product_cat-acessorios-e-suprimentos","8":"product_cat-papelao","9":"product_cat-todos","11":"first","12":"outofstock","13":"shipping-taxable","14":"purchasable","15":"product-type-simple"},"_links":{"self":[{"href":"https:\/\/homologacao.marinhocouros.com.br\/homologacao_2026\/wp-json\/wp\/v2\/product\/11789","targetHints":{"allow":["GET"]}}],"collection":[{"href":"https:\/\/homologacao.marinhocouros.com.br\/homologacao_2026\/wp-json\/wp\/v2\/product"}],"about":[{"href":"https:\/\/homologacao.marinhocouros.com.br\/homologacao_2026\/wp-json\/wp\/v2\/types\/product"}],"replies":[{"embeddable":true,"href":"https:\/\/homologacao.marinhocouros.com.br\/homologacao_2026\/wp-json\/wp\/v2\/comments?post=11789"}],"version-history":[{"count":0,"href":"https:\/\/homologacao.marinhocouros.com.br\/homologacao_2026\/wp-json\/wp\/v2\/product\/11789\/revisions"}],"wp:featuredmedia":[{"embeddable":true,"href":"https:\/\/homologacao.marinhocouros.com.br\/homologacao_2026\/wp-json\/wp\/v2\/media\/17778"}],"wp:attachment":[{"href":"https:\/\/homologacao.marinhocouros.com.br\/homologacao_2026\/wp-json\/wp\/v2\/media?parent=11789"}],"wp:term":[{"taxonomy":"product_brand","embeddable":true,"href":"https:\/\/homologacao.marinhocouros.com.br\/homologacao_2026\/wp-json\/wp\/v2\/product_brand?post=11789"},{"taxonomy":"product_cat","embeddable":true,"href":"https:\/\/homologacao.marinhocouros.com.br\/homologacao_2026\/wp-json\/wp\/v2\/product_cat?post=11789"},{"taxonomy":"product_tag","embeddable":true,"href":"https:\/\/homologacao.marinhocouros.com.br\/homologacao_2026\/wp-json\/wp\/v2\/product_tag?post=11789"}],"curies":[{"name":"wp","href":"https:\/\/api.w.org\/{rel}","templated":true}]}}