{"id":11796,"date":"2022-02-09T17:27:20","date_gmt":"2022-02-09T20:27:20","guid":{"rendered":"http:\/\/marinhocouros.com.br\/?post_type=product&#038;p=11796"},"modified":"2025-12-10T15:11:04","modified_gmt":"2025-12-10T18:11:04","slug":"perfil-de-cadeira","status":"publish","type":"product","link":"https:\/\/homologacao.marinhocouros.com.br\/homologacao_2026\/produto\/perfil-de-cadeira\/","title":{"rendered":"Perfil de cadeira"},"content":{"rendered":"<h3 data-renderer-start-pos=\"1\">Perfil de Cadeira<\/h3>\n<p data-renderer-start-pos=\"20\"><strong data-renderer-mark=\"true\">Para que ele serve:<\/strong><\/p>\n<ul class=\"ak-ul\" data-indent-level=\"1\">\n<li>\n<p data-renderer-start-pos=\"43\">Usado para dar acabamento em cadeiras de escrit\u00f3rio, escondendo os grampos e proporcionando um visual mais bonito e profissional.<\/p>\n<\/li>\n<\/ul>\n<p data-renderer-start-pos=\"176\"><strong data-renderer-mark=\"true\">Benef\u00edcios:<\/strong><\/p>\n<ul class=\"ak-ul\" data-indent-level=\"1\">\n<li>\n<p data-renderer-start-pos=\"191\">Oferece um acabamento limpo e esteticamente agrad\u00e1vel, ocultando os grampos e outros elementos de fixa\u00e7\u00e3o.<\/p>\n<\/li>\n<li>\n<p data-renderer-start-pos=\"301\">Proporciona uma transi\u00e7\u00e3o suave entre o tecido e a estrutura de madeira da cadeira.<\/p>\n<\/li>\n<li>\n<p data-renderer-start-pos=\"388\">Aumenta a durabilidade do estofado, protegendo as bordas do tecido contra desgaste e danos.<\/p>\n<\/li>\n<\/ul>\n<p data-renderer-start-pos=\"483\"><strong data-renderer-mark=\"true\">Como ele \u00e9 usado:<\/strong><\/p>\n<ul class=\"ak-ul\" data-indent-level=\"1\">\n<li>\n<p data-renderer-start-pos=\"504\">Colocado entre o tecido e a madeira da cadeira, cobrindo a linha de grampos que fixa o tecido \u00e0 estrutura.<\/p>\n<\/li>\n<li>\n<p data-renderer-start-pos=\"614\">Aplicado ap\u00f3s o tecido ser grampeado, garantindo que todos os elementos de fixa\u00e7\u00e3o fiquem ocultos.<\/p>\n<\/li>\n<li>\n<p data-renderer-start-pos=\"716\">Pode ser fixado com cola ou outros adesivos apropriados, garantindo que fique firmemente no lugar e forne\u00e7a um acabamento profissional.<\/p>\n<\/li>\n<\/ul>\n","protected":false},"excerpt":{"rendered":"<p>Usado para dar acabamento em cadeiras de escrit\u00f3rio, escondendo os grampos e proporcionando um visual mais bonito e profissional.<\/p>\n","protected":false},"featured_media":17683,"comment_status":"open","ping_status":"closed","template":"","meta":[],"product_brand":[],"product_cat":[737,767,740,41],"product_tag":[],"class_list":{"0":"post-11796","1":"product","2":"type-product","3":"status-publish","4":"has-post-thumbnail","6":"product_cat-acabamentos","7":"product_cat-acessorios-e-suprimentos","8":"product_cat-perfil-de-cadeira","9":"product_cat-todos","11":"first","12":"outofstock","13":"shipping-taxable","14":"purchasable","15":"product-type-simple"},"_links":{"self":[{"href":"https:\/\/homologacao.marinhocouros.com.br\/homologacao_2026\/wp-json\/wp\/v2\/product\/11796","targetHints":{"allow":["GET"]}}],"collection":[{"href":"https:\/\/homologacao.marinhocouros.com.br\/homologacao_2026\/wp-json\/wp\/v2\/product"}],"about":[{"href":"https:\/\/homologacao.marinhocouros.com.br\/homologacao_2026\/wp-json\/wp\/v2\/types\/product"}],"replies":[{"embeddable":true,"href":"https:\/\/homologacao.marinhocouros.com.br\/homologacao_2026\/wp-json\/wp\/v2\/comments?post=11796"}],"version-history":[{"count":0,"href":"https:\/\/homologacao.marinhocouros.com.br\/homologacao_2026\/wp-json\/wp\/v2\/product\/11796\/revisions"}],"wp:featuredmedia":[{"embeddable":true,"href":"https:\/\/homologacao.marinhocouros.com.br\/homologacao_2026\/wp-json\/wp\/v2\/media\/17683"}],"wp:attachment":[{"href":"https:\/\/homologacao.marinhocouros.com.br\/homologacao_2026\/wp-json\/wp\/v2\/media?parent=11796"}],"wp:term":[{"taxonomy":"product_brand","embeddable":true,"href":"https:\/\/homologacao.marinhocouros.com.br\/homologacao_2026\/wp-json\/wp\/v2\/product_brand?post=11796"},{"taxonomy":"product_cat","embeddable":true,"href":"https:\/\/homologacao.marinhocouros.com.br\/homologacao_2026\/wp-json\/wp\/v2\/product_cat?post=11796"},{"taxonomy":"product_tag","embeddable":true,"href":"https:\/\/homologacao.marinhocouros.com.br\/homologacao_2026\/wp-json\/wp\/v2\/product_tag?post=11796"}],"curies":[{"name":"wp","href":"https:\/\/api.w.org\/{rel}","templated":true}]}}