{"id":14222,"date":"2024-12-27T08:50:54","date_gmt":"2024-12-27T11:50:54","guid":{"rendered":"https:\/\/marinhocouros.com.br\/?post_type=product&#038;p=14222"},"modified":"2026-04-24T10:14:13","modified_gmt":"2026-04-24T13:14:13","slug":"matriz-de-botao-22","status":"publish","type":"product","link":"https:\/\/homologacao.marinhocouros.com.br\/homologacao_2026\/produto\/matriz-de-botao-22\/","title":{"rendered":"Bot\u00e3o de Forra\u00e7\u00e3o &#8211; 22"},"content":{"rendered":"<h2 data-start=\"159\" data-end=\"231\">Bot\u00e3o de Forra\u00e7\u00e3o para Estofados: O Acabamento Que Faz Toda Diferen\u00e7a<\/h2>\n<p data-start=\"233\" data-end=\"649\">O <strong data-start=\"235\" data-end=\"271\">bot\u00e3o de forra\u00e7\u00e3o para estofados<\/strong> \u00e9 o detalhe que transforma um estofado comum em uma pe\u00e7a refinada e com acabamento profissional. Ideal para projetos de reforma e produ\u00e7\u00e3o de m\u00f3veis sob medida, ele proporciona eleg\u00e2ncia, firmeza e simetria ao estofado. Compat\u00edvel com diversos tipos de tecidos, \u00e9 indispens\u00e1vel para quem deseja sofistica\u00e7\u00e3o nos m\u00ednimos detalhes \u2014 seja em sof\u00e1s, cabeceiras, poltronas ou puffs.<\/p>\n<h2 data-start=\"802\" data-end=\"842\">Resist\u00eancia e Facilidade na Aplica\u00e7\u00e3o<\/h2>\n<p data-start=\"844\" data-end=\"1218\">Fabricado com materiais de alta qualidade, o <strong data-start=\"889\" data-end=\"910\">bot\u00e3o de forra\u00e7\u00e3o<\/strong> \u00e9 resistente \u00e0 press\u00e3o do uso di\u00e1rio e ao tempo. Pode ser aplicado manualmente ou com ferramentas espec\u00edficas, oferecendo praticidade tanto para estofadores profissionais quanto para quem faz pequenos reparos em casa. Ele garante fixa\u00e7\u00e3o segura e acabamento alinhado, valorizando o resultado final do m\u00f3vel.<\/p>\n<h2 data-start=\"1370\" data-end=\"1410\">Versatilidade em Modelos e Aplica\u00e7\u00f5es<\/h2>\n<p data-start=\"1412\" data-end=\"1763\">Dispon\u00edvel em diversos tamanhos, formatos e acabamentos, o <strong data-start=\"1471\" data-end=\"1492\">bot\u00e3o de forra\u00e7\u00e3o<\/strong> se adapta a todos os estilos de decora\u00e7\u00e3o \u2014 do cl\u00e1ssico capiton\u00ea ao moderno minimalista. Tamb\u00e9m pode ser revestido com o mesmo tecido do estofado, criando um efeito visual cont\u00ednuo e sofisticado. Essencial para quem busca personaliza\u00e7\u00e3o e excel\u00eancia no acabamento final.<\/p>\n<p>&nbsp;<\/p>\n<p>&nbsp;<\/p>\n<p>&nbsp;<\/p>\n","protected":false},"excerpt":{"rendered":"<p>O <strong data-start=\"235\" data-end=\"271\">bot\u00e3o de forra\u00e7\u00e3o para estofados<\/strong> \u00e9 o detalhe que transforma um estofado comum em uma pe\u00e7a refinada e com acabamento profissional. Ideal para projetos de reforma e produ\u00e7\u00e3o de m\u00f3veis sob medida, ele proporciona eleg\u00e2ncia, firmeza e simetria ao estofado. Compat\u00edvel com diversos tipos de tecidos, \u00e9 indispens\u00e1vel para quem deseja sofistica\u00e7\u00e3o nos m\u00ednimos detalhes \u2014 seja em sof\u00e1s, cabeceiras, poltronas ou puffs.<\/p>\n","protected":false},"featured_media":17638,"comment_status":"open","ping_status":"closed","template":"","meta":[],"product_brand":[],"product_cat":[737,767,738,41],"product_tag":[],"class_list":{"0":"post-14222","1":"product","2":"type-product","3":"status-publish","4":"has-post-thumbnail","6":"product_cat-acabamentos","7":"product_cat-acessorios-e-suprimentos","8":"product_cat-botoes","9":"product_cat-todos","11":"first","12":"instock","13":"shipping-taxable","14":"purchasable","15":"product-type-simple"},"_links":{"self":[{"href":"https:\/\/homologacao.marinhocouros.com.br\/homologacao_2026\/wp-json\/wp\/v2\/product\/14222","targetHints":{"allow":["GET"]}}],"collection":[{"href":"https:\/\/homologacao.marinhocouros.com.br\/homologacao_2026\/wp-json\/wp\/v2\/product"}],"about":[{"href":"https:\/\/homologacao.marinhocouros.com.br\/homologacao_2026\/wp-json\/wp\/v2\/types\/product"}],"replies":[{"embeddable":true,"href":"https:\/\/homologacao.marinhocouros.com.br\/homologacao_2026\/wp-json\/wp\/v2\/comments?post=14222"}],"version-history":[{"count":0,"href":"https:\/\/homologacao.marinhocouros.com.br\/homologacao_2026\/wp-json\/wp\/v2\/product\/14222\/revisions"}],"wp:featuredmedia":[{"embeddable":true,"href":"https:\/\/homologacao.marinhocouros.com.br\/homologacao_2026\/wp-json\/wp\/v2\/media\/17638"}],"wp:attachment":[{"href":"https:\/\/homologacao.marinhocouros.com.br\/homologacao_2026\/wp-json\/wp\/v2\/media?parent=14222"}],"wp:term":[{"taxonomy":"product_brand","embeddable":true,"href":"https:\/\/homologacao.marinhocouros.com.br\/homologacao_2026\/wp-json\/wp\/v2\/product_brand?post=14222"},{"taxonomy":"product_cat","embeddable":true,"href":"https:\/\/homologacao.marinhocouros.com.br\/homologacao_2026\/wp-json\/wp\/v2\/product_cat?post=14222"},{"taxonomy":"product_tag","embeddable":true,"href":"https:\/\/homologacao.marinhocouros.com.br\/homologacao_2026\/wp-json\/wp\/v2\/product_tag?post=14222"}],"curies":[{"name":"wp","href":"https:\/\/api.w.org\/{rel}","templated":true}]}}