{"id":14297,"date":"2025-01-02T16:40:08","date_gmt":"2025-01-02T19:40:08","guid":{"rendered":"https:\/\/marinhocouros.com.br\/?post_type=product&#038;p=14297"},"modified":"2026-04-20T17:42:08","modified_gmt":"2026-04-20T20:42:08","slug":"courvim-facto-nautic-pro","status":"publish","type":"product","link":"https:\/\/homologacao.marinhocouros.com.br\/homologacao_2026\/produto\/courvim-facto-nautic-pro\/","title":{"rendered":"Courvim Facto Nautic Pro"},"content":{"rendered":"<h2 data-start=\"159\" data-end=\"230\">Courvim Nautic Pro Premium: Resist\u00eancia e Estilo para \u00c1reas Externas<\/h2>\n<p data-start=\"232\" data-end=\"652\">O <strong data-start=\"234\" data-end=\"288\">Courvim Nautic Pro da Linha Premium Marinho Couros<\/strong> foi desenvolvido especialmente para enfrentar os desafios das \u00e1reas externas sem abrir m\u00e3o do design e da eleg\u00e2ncia. Com apar\u00eancia sofisticada e acabamento t\u00e9cnico de alto desempenho, ele \u00e9 resistente \u00e0 umidade, ao mofo, aos raios UV e \u00e0s varia\u00e7\u00f5es clim\u00e1ticas. \u00c9 o courvim ideal para estofados de varandas, \u00e1reas gourmet, embarca\u00e7\u00f5es e espa\u00e7os comerciais abertos.<\/p>\n<h2 data-start=\"825\" data-end=\"872\">Tecnologia Antimofo, Antifungo e Prote\u00e7\u00e3o UV<\/h2>\n<p data-start=\"874\" data-end=\"1242\">O <strong data-start=\"876\" data-end=\"890\">Nautic Pro<\/strong> conta com tratamento especial que protege o estofado contra os efeitos do tempo e da umidade. Sua superf\u00edcie \u00e9 imperme\u00e1vel, f\u00e1cil de limpar e extremamente dur\u00e1vel, mesmo sob exposi\u00e7\u00e3o cont\u00ednua ao sol e \u00e0 maresia. \u00c9 a escolha segura e confi\u00e1vel para quem precisa de um revestimento t\u00e9cnico que mantenha a beleza e a funcionalidade por muito mais tempo.<\/p>\n<h2 data-start=\"1404\" data-end=\"1449\">Sofistica\u00e7\u00e3o e Conforto Tamb\u00e9m ao Ar Livre<\/h2>\n<p data-start=\"1451\" data-end=\"1777\">Com texturas modernas, toque agrad\u00e1vel e uma paleta de cores pensada para ambientes abertos e contempor\u00e2neos, o <strong data-start=\"1563\" data-end=\"1585\">Courvim Nautic Pro<\/strong> alia funcionalidade e design com excel\u00eancia. Ele proporciona acabamento de alto padr\u00e3o em m\u00f3veis externos, transformando o espa\u00e7o em uma extens\u00e3o elegante e acolhedora da sua casa ou neg\u00f3cio.<\/p>\n","protected":false},"excerpt":{"rendered":"<p>O <strong data-start=\"234\" data-end=\"288\">Courvim Nautic Pro da Linha Premium Marinho Couros<\/strong> foi desenvolvido especialmente para enfrentar os desafios das \u00e1reas externas sem abrir m\u00e3o do design e da eleg\u00e2ncia. Com apar\u00eancia sofisticada e acabamento t\u00e9cnico de alto desempenho, ele \u00e9 resistente \u00e0 umidade, ao mofo, aos raios UV e \u00e0s varia\u00e7\u00f5es clim\u00e1ticas. \u00c9 o courvim ideal para estofados de varandas, \u00e1reas gourmet, embarca\u00e7\u00f5es e espa\u00e7os comerciais abertos.<\/p>\n","protected":false},"featured_media":17627,"comment_status":"open","ping_status":"closed","template":"","meta":[],"product_brand":[],"product_cat":[778,776,775,41],"product_tag":[],"class_list":{"0":"post-14297","1":"product","2":"type-product","3":"status-publish","4":"has-post-thumbnail","6":"product_cat-sintetico-exclusivo","7":"product_cat-sinteticos","8":"product_cat-tecidos-e-sinteticos-para-sofa","9":"product_cat-todos","10":"product_shipping_class-tecidos-a140-r40","12":"first","13":"instock","14":"shipping-taxable","15":"purchasable","16":"product-type-variable"},"_links":{"self":[{"href":"https:\/\/homologacao.marinhocouros.com.br\/homologacao_2026\/wp-json\/wp\/v2\/product\/14297","targetHints":{"allow":["GET"]}}],"collection":[{"href":"https:\/\/homologacao.marinhocouros.com.br\/homologacao_2026\/wp-json\/wp\/v2\/product"}],"about":[{"href":"https:\/\/homologacao.marinhocouros.com.br\/homologacao_2026\/wp-json\/wp\/v2\/types\/product"}],"replies":[{"embeddable":true,"href":"https:\/\/homologacao.marinhocouros.com.br\/homologacao_2026\/wp-json\/wp\/v2\/comments?post=14297"}],"version-history":[{"count":0,"href":"https:\/\/homologacao.marinhocouros.com.br\/homologacao_2026\/wp-json\/wp\/v2\/product\/14297\/revisions"}],"wp:featuredmedia":[{"embeddable":true,"href":"https:\/\/homologacao.marinhocouros.com.br\/homologacao_2026\/wp-json\/wp\/v2\/media\/17627"}],"wp:attachment":[{"href":"https:\/\/homologacao.marinhocouros.com.br\/homologacao_2026\/wp-json\/wp\/v2\/media?parent=14297"}],"wp:term":[{"taxonomy":"product_brand","embeddable":true,"href":"https:\/\/homologacao.marinhocouros.com.br\/homologacao_2026\/wp-json\/wp\/v2\/product_brand?post=14297"},{"taxonomy":"product_cat","embeddable":true,"href":"https:\/\/homologacao.marinhocouros.com.br\/homologacao_2026\/wp-json\/wp\/v2\/product_cat?post=14297"},{"taxonomy":"product_tag","embeddable":true,"href":"https:\/\/homologacao.marinhocouros.com.br\/homologacao_2026\/wp-json\/wp\/v2\/product_tag?post=14297"}],"curies":[{"name":"wp","href":"https:\/\/api.w.org\/{rel}","templated":true}]}}