{"id":14418,"date":"2025-01-03T10:06:12","date_gmt":"2025-01-03T13:06:12","guid":{"rendered":"https:\/\/marinhocouros.com.br\/?post_type=product&#038;p=14418"},"modified":"2026-04-22T14:24:47","modified_gmt":"2026-04-22T17:24:47","slug":"acquablock-interno","status":"publish","type":"product","link":"https:\/\/homologacao.marinhocouros.com.br\/homologacao_2026\/produto\/acquablock-interno\/","title":{"rendered":"Acquablock Interno"},"content":{"rendered":"<h2 data-start=\"159\" data-end=\"222\">Acquablock Karstens Select: Prote\u00e7\u00e3o e Estilo para Estofados<\/h2>\n<p data-start=\"224\" data-end=\"673\">O <strong data-start=\"226\" data-end=\"280\">Acquablock Karstens da Linha Select Marinho Couros<\/strong> \u00e9 a escolha inteligente para quem busca unir funcionalidade, beleza e durabilidade na reforma de estofados. Pioneira na tecnologia de impermeabiliza\u00e7\u00e3o no Brasil, a Karstens criou um tecido que repele l\u00edquidos, evita manchas e garante muito mais vida \u00fatil ao seu estofado \u2014 tudo isso com um visual moderno e agrad\u00e1vel ao toque. Ideal para ambientes internos e externos com charme e seguran\u00e7a.<\/p>\n<h2 data-start=\"833\" data-end=\"885\">Impermeabilidade Comprovada e Prote\u00e7\u00e3o de Verdade<\/h2>\n<p data-start=\"887\" data-end=\"1283\">O grande diferencial do <strong data-start=\"911\" data-end=\"934\">Acquablock Karstens<\/strong> est\u00e1 na sua impermeabiliza\u00e7\u00e3o de alta performance. Derramou l\u00edquido? Ele n\u00e3o penetra. Isso evita o surgimento de mofo, fungos e odores, al\u00e9m de facilitar a limpeza no dia a dia. Perfeito para casas com crian\u00e7as e pets, \u00e1reas gourmet, sacadas cobertas e m\u00f3veis com uso intenso. Um tecido que combina praticidade e tranquilidade para o seu dia a dia.<\/p>\n<h2 data-start=\"1433\" data-end=\"1480\">Cores Vibrantes e Versatilidade para Decorar<\/h2>\n<p data-start=\"1482\" data-end=\"1872\">Dispon\u00edvel em uma ampla cartela de cores modernas, o <strong data-start=\"1535\" data-end=\"1558\">Acquablock Karstens<\/strong> permite criar estofados \u00fanicos e cheios de estilo. Seja para renovar cadeiras, sof\u00e1s ou poltronas, ele garante acabamento impec\u00e1vel e resist\u00eancia ao desgaste do uso frequente. Sua estrutura firme e toque confort\u00e1vel o tornam a escolha ideal para quem quer aliar prote\u00e7\u00e3o com est\u00e9tica refinada em qualquer projeto.<\/p>\n","protected":false},"excerpt":{"rendered":"<p>O <strong data-start=\"226\" data-end=\"280\">Acquablock Karstens da Linha Select Marinho Couros<\/strong> \u00e9 a escolha inteligente para quem busca unir funcionalidade, beleza e durabilidade na reforma de estofados. Pioneira na tecnologia de impermeabiliza\u00e7\u00e3o no Brasil, a Karstens criou um tecido que repele l\u00edquidos, evita manchas e garante muito mais vida \u00fatil ao seu estofado \u2014 tudo isso com um visual moderno e agrad\u00e1vel ao toque. Ideal para ambientes internos e externos com charme e seguran\u00e7a.<\/p>\n","protected":false},"featured_media":17794,"comment_status":"open","ping_status":"closed","template":"","meta":[],"product_brand":[],"product_cat":[848,777,775,790,41],"product_tag":[],"class_list":{"0":"post-14418","1":"product","2":"type-product","3":"status-publish","4":"has-post-thumbnail","6":"product_cat-outlet","7":"product_cat-tecidos","8":"product_cat-tecidos-e-sinteticos-para-sofa","9":"product_cat-tecidos-selecionados","10":"product_cat-todos","11":"product_shipping_class-bagum-a140-r30","13":"first","14":"instock","15":"sale","16":"shipping-taxable","17":"purchasable","18":"product-type-variable"},"_links":{"self":[{"href":"https:\/\/homologacao.marinhocouros.com.br\/homologacao_2026\/wp-json\/wp\/v2\/product\/14418","targetHints":{"allow":["GET"]}}],"collection":[{"href":"https:\/\/homologacao.marinhocouros.com.br\/homologacao_2026\/wp-json\/wp\/v2\/product"}],"about":[{"href":"https:\/\/homologacao.marinhocouros.com.br\/homologacao_2026\/wp-json\/wp\/v2\/types\/product"}],"replies":[{"embeddable":true,"href":"https:\/\/homologacao.marinhocouros.com.br\/homologacao_2026\/wp-json\/wp\/v2\/comments?post=14418"}],"version-history":[{"count":0,"href":"https:\/\/homologacao.marinhocouros.com.br\/homologacao_2026\/wp-json\/wp\/v2\/product\/14418\/revisions"}],"wp:featuredmedia":[{"embeddable":true,"href":"https:\/\/homologacao.marinhocouros.com.br\/homologacao_2026\/wp-json\/wp\/v2\/media\/17794"}],"wp:attachment":[{"href":"https:\/\/homologacao.marinhocouros.com.br\/homologacao_2026\/wp-json\/wp\/v2\/media?parent=14418"}],"wp:term":[{"taxonomy":"product_brand","embeddable":true,"href":"https:\/\/homologacao.marinhocouros.com.br\/homologacao_2026\/wp-json\/wp\/v2\/product_brand?post=14418"},{"taxonomy":"product_cat","embeddable":true,"href":"https:\/\/homologacao.marinhocouros.com.br\/homologacao_2026\/wp-json\/wp\/v2\/product_cat?post=14418"},{"taxonomy":"product_tag","embeddable":true,"href":"https:\/\/homologacao.marinhocouros.com.br\/homologacao_2026\/wp-json\/wp\/v2\/product_tag?post=14418"}],"curies":[{"name":"wp","href":"https:\/\/api.w.org\/{rel}","templated":true}]}}