{"id":16301,"date":"2025-04-30T17:12:53","date_gmt":"2025-04-30T20:12:53","guid":{"rendered":"https:\/\/marinhocouros.com.br\/?post_type=product&#038;p=16301"},"modified":"2025-12-10T15:42:45","modified_gmt":"2025-12-10T18:42:45","slug":"espumas-densidade-33","status":"publish","type":"product","link":"https:\/\/homologacao.marinhocouros.com.br\/homologacao_2026\/produto\/espumas-densidade-33\/","title":{"rendered":"Espumas &#8211; Densidade 33"},"content":{"rendered":"<h2 data-start=\"159\" data-end=\"217\">Espuma Cont\u00ednua D33: Alta Densidade, M\u00e1xima Performance<\/h2>\n<p data-start=\"219\" data-end=\"634\">A <strong data-start=\"221\" data-end=\"253\">Espuma Cont\u00ednua Densidade 33<\/strong> \u00e9 a escolha ideal para quem busca o mais alto n\u00edvel de sustenta\u00e7\u00e3o, durabilidade e conforto em estofados. Perfeita para assentos de uso intenso, sof\u00e1s de alto padr\u00e3o, poltronas robustas e colch\u00f5es premium, essa espuma oferece firmeza sem abrir m\u00e3o do conforto. Sua estrutura resistente garante longa vida \u00fatil ao estofado, mesmo em ambientes com grande circula\u00e7\u00e3o e uso frequente.<\/p>\n<h2 data-start=\"792\" data-end=\"843\">Desempenho T\u00e9cnico para Projetos de Alto Tr\u00e1fego<\/h2>\n<p data-start=\"845\" data-end=\"1233\">A <strong data-start=\"847\" data-end=\"861\">Espuma D33<\/strong> \u00e9 recomendada para uso residencial e comercial com alto \u00edndice de exig\u00eancia. Ela mant\u00e9m sua forma original mesmo ap\u00f3s anos de uso, n\u00e3o deforma facilmente e oferece excelente sustenta\u00e7\u00e3o para o corpo. \u00c9 amplamente utilizada em est\u00fadios, recep\u00e7\u00f5es, \u00e1reas corporativas e sof\u00e1s de alto valor. Um material t\u00e9cnico que atende aos padr\u00f5es mais exigentes do mercado de estofaria.<\/p>\n<h2 data-start=\"1414\" data-end=\"1463\">Conforto Estrutural e Investimento Inteligente<\/h2>\n<p data-start=\"1465\" data-end=\"1780\">Apesar da firmeza, a <strong data-start=\"1486\" data-end=\"1509\">Espuma Cont\u00ednua D33<\/strong> oferece um toque agrad\u00e1vel e adapta\u00e7\u00e3o ergon\u00f4mica. Isso a torna perfeita para quem deseja um assento mais estruturado e duradouro. Al\u00e9m disso, seu excelente desempenho ao longo do tempo representa um investimento inteligente para projetos que exigem qualidade e retorno.<\/p>\n","protected":false},"excerpt":{"rendered":"<p>A <strong data-start=\"221\" data-end=\"253\">Espuma Cont\u00ednua Densidade 33<\/strong> \u00e9 a escolha ideal para quem busca o mais alto n\u00edvel de sustenta\u00e7\u00e3o, durabilidade e conforto em estofados. Perfeita para assentos de uso intenso, sof\u00e1s de alto padr\u00e3o, poltronas robustas e colch\u00f5es premium, essa espuma oferece firmeza sem abrir m\u00e3o do conforto. Sua estrutura resistente garante longa vida \u00fatil ao estofado, mesmo em ambientes com grande circula\u00e7\u00e3o e uso frequente.<\/p>\n","protected":false},"featured_media":17601,"comment_status":"open","ping_status":"closed","template":"","meta":[],"product_brand":[],"product_cat":[802,803,41],"product_tag":[],"class_list":{"0":"post-16301","1":"product","2":"type-product","3":"status-publish","4":"has-post-thumbnail","6":"product_cat-espumas","7":"product_cat-estofados","8":"product_cat-todos","9":"product_shipping_class-metragem","11":"first","12":"outofstock","13":"shipping-taxable","14":"purchasable","15":"product-type-variable"},"_links":{"self":[{"href":"https:\/\/homologacao.marinhocouros.com.br\/homologacao_2026\/wp-json\/wp\/v2\/product\/16301","targetHints":{"allow":["GET"]}}],"collection":[{"href":"https:\/\/homologacao.marinhocouros.com.br\/homologacao_2026\/wp-json\/wp\/v2\/product"}],"about":[{"href":"https:\/\/homologacao.marinhocouros.com.br\/homologacao_2026\/wp-json\/wp\/v2\/types\/product"}],"replies":[{"embeddable":true,"href":"https:\/\/homologacao.marinhocouros.com.br\/homologacao_2026\/wp-json\/wp\/v2\/comments?post=16301"}],"version-history":[{"count":0,"href":"https:\/\/homologacao.marinhocouros.com.br\/homologacao_2026\/wp-json\/wp\/v2\/product\/16301\/revisions"}],"wp:featuredmedia":[{"embeddable":true,"href":"https:\/\/homologacao.marinhocouros.com.br\/homologacao_2026\/wp-json\/wp\/v2\/media\/17601"}],"wp:attachment":[{"href":"https:\/\/homologacao.marinhocouros.com.br\/homologacao_2026\/wp-json\/wp\/v2\/media?parent=16301"}],"wp:term":[{"taxonomy":"product_brand","embeddable":true,"href":"https:\/\/homologacao.marinhocouros.com.br\/homologacao_2026\/wp-json\/wp\/v2\/product_brand?post=16301"},{"taxonomy":"product_cat","embeddable":true,"href":"https:\/\/homologacao.marinhocouros.com.br\/homologacao_2026\/wp-json\/wp\/v2\/product_cat?post=16301"},{"taxonomy":"product_tag","embeddable":true,"href":"https:\/\/homologacao.marinhocouros.com.br\/homologacao_2026\/wp-json\/wp\/v2\/product_tag?post=16301"}],"curies":[{"name":"wp","href":"https:\/\/api.w.org\/{rel}","templated":true}]}}