{"id":16733,"date":"2025-05-14T17:47:41","date_gmt":"2025-05-14T20:47:41","guid":{"rendered":"https:\/\/marinhocouros.com.br\/?post_type=product&#038;p=16733"},"modified":"2025-12-15T17:15:55","modified_gmt":"2025-12-15T20:15:55","slug":"linho-toulose","status":"publish","type":"product","link":"https:\/\/homologacao.marinhocouros.com.br\/homologacao_2026\/produto\/linho-toulose\/","title":{"rendered":"Linho Toulose"},"content":{"rendered":"<h2 data-start=\"159\" data-end=\"223\">Linho Premium: Sofistica\u00e7\u00e3o Natural para Estofados Exclusivos<\/h2>\n<p data-start=\"225\" data-end=\"668\">O <strong data-start=\"227\" data-end=\"268\">Linho da Linha Premium Marinho Couros<\/strong> \u00e9 a escolha perfeita para quem busca eleg\u00e2ncia atemporal, frescor e leveza na reforma de estofados. Com toque natural, visual sofisticado e caimento impec\u00e1vel, esse tecido transforma qualquer m\u00f3vel em uma pe\u00e7a refinada e acolhedora. Sua composi\u00e7\u00e3o nobre proporciona um acabamento suave e com personalidade \u2014 ideal para projetos de alto padr\u00e3o e ambientes que valorizam o conforto com est\u00e9tica clean.<\/p>\n<h2 data-start=\"818\" data-end=\"855\">Conforto e Frescor em Cada Detalhe<\/h2>\n<p data-start=\"857\" data-end=\"1230\">O <strong data-start=\"859\" data-end=\"876\">Linho Premium<\/strong> n\u00e3o \u00e9 apenas bonito \u2014 ele respira. Seu toque leve e textura fresca tornam o tecido ideal para climas quentes ou ambientes que pedem ventila\u00e7\u00e3o e suavidade ao toque. \u00c9 perfeito para resid\u00eancias, espa\u00e7os de descanso, recep\u00e7\u00f5es e locais onde o bem-estar precisa caminhar junto com o design. E o melhor: mant\u00e9m a beleza original mesmo com o passar do tempo.<\/p>\n<h2 data-start=\"1376\" data-end=\"1424\">Estilo Atemporal com Cores Neutras e Naturais<\/h2>\n<p data-start=\"1426\" data-end=\"1771\">Com uma cartela de cores refinadas \u2014 que vai dos tons neutros e terrosos at\u00e9 os sofisticadamente claros \u2014 o <strong data-start=\"1534\" data-end=\"1551\">Linho Premium<\/strong> combina com diversos estilos de decora\u00e7\u00e3o: do escandinavo ao r\u00fastico, do contempor\u00e2neo ao minimalista. \u00c9 o tecido ideal para estofadores e decoradores que buscam transmitir eleg\u00e2ncia, leveza e bom gosto em cada projeto.<\/p>\n","protected":false},"excerpt":{"rendered":"<p>O <strong data-start=\"227\" data-end=\"268\">Linho da Linha Premium Marinho Couros<\/strong> \u00e9 a escolha perfeita para quem busca eleg\u00e2ncia atemporal, frescor e leveza na reforma de estofados. Com toque natural, visual sofisticado e caimento impec\u00e1vel, esse tecido transforma qualquer m\u00f3vel em uma pe\u00e7a refinada e acolhedora. Sua composi\u00e7\u00e3o nobre proporciona um acabamento suave e com personalidade \u2014 ideal para projetos de alto padr\u00e3o e ambientes que valorizam o conforto com est\u00e9tica clean.<\/p>\n<p>**CONSULTAR DISPONIBILIDADE DE ESTOQUE ANTES DA COMPRA**<\/p>\n","protected":false},"featured_media":17575,"comment_status":"open","ping_status":"closed","template":"","meta":[],"product_brand":[],"product_cat":[777,775,789,41],"product_tag":[],"class_list":{"0":"post-16733","1":"product","2":"type-product","3":"status-publish","4":"has-post-thumbnail","6":"product_cat-tecidos","7":"product_cat-tecidos-e-sinteticos-para-sofa","8":"product_cat-tecidos-exclusivos","9":"product_cat-todos","10":"product_shipping_class-tecidos-a140-r40","12":"first","13":"instock","14":"shipping-taxable","15":"purchasable","16":"product-type-variable"},"_links":{"self":[{"href":"https:\/\/homologacao.marinhocouros.com.br\/homologacao_2026\/wp-json\/wp\/v2\/product\/16733","targetHints":{"allow":["GET"]}}],"collection":[{"href":"https:\/\/homologacao.marinhocouros.com.br\/homologacao_2026\/wp-json\/wp\/v2\/product"}],"about":[{"href":"https:\/\/homologacao.marinhocouros.com.br\/homologacao_2026\/wp-json\/wp\/v2\/types\/product"}],"replies":[{"embeddable":true,"href":"https:\/\/homologacao.marinhocouros.com.br\/homologacao_2026\/wp-json\/wp\/v2\/comments?post=16733"}],"version-history":[{"count":0,"href":"https:\/\/homologacao.marinhocouros.com.br\/homologacao_2026\/wp-json\/wp\/v2\/product\/16733\/revisions"}],"wp:featuredmedia":[{"embeddable":true,"href":"https:\/\/homologacao.marinhocouros.com.br\/homologacao_2026\/wp-json\/wp\/v2\/media\/17575"}],"wp:attachment":[{"href":"https:\/\/homologacao.marinhocouros.com.br\/homologacao_2026\/wp-json\/wp\/v2\/media?parent=16733"}],"wp:term":[{"taxonomy":"product_brand","embeddable":true,"href":"https:\/\/homologacao.marinhocouros.com.br\/homologacao_2026\/wp-json\/wp\/v2\/product_brand?post=16733"},{"taxonomy":"product_cat","embeddable":true,"href":"https:\/\/homologacao.marinhocouros.com.br\/homologacao_2026\/wp-json\/wp\/v2\/product_cat?post=16733"},{"taxonomy":"product_tag","embeddable":true,"href":"https:\/\/homologacao.marinhocouros.com.br\/homologacao_2026\/wp-json\/wp\/v2\/product_tag?post=16733"}],"curies":[{"name":"wp","href":"https:\/\/api.w.org\/{rel}","templated":true}]}}