{"id":16768,"date":"2025-05-20T14:46:21","date_gmt":"2025-05-20T17:46:21","guid":{"rendered":"https:\/\/marinhocouros.com.br\/?post_type=product&#038;p=16768"},"modified":"2026-02-10T16:14:47","modified_gmt":"2026-02-10T19:14:47","slug":"veludo-nice","status":"publish","type":"product","link":"https:\/\/homologacao.marinhocouros.com.br\/homologacao_2026\/produto\/veludo-nice\/","title":{"rendered":"Veludo Nice"},"content":{"rendered":"<h2 data-start=\"159\" data-end=\"220\">Veludo Premium: Conforto, Nobreza e Estilo no Seu Estofado<\/h2>\n<p data-start=\"222\" data-end=\"599\">O <strong data-start=\"224\" data-end=\"266\">Veludo da Linha Premium Marinho Couros<\/strong> \u00e9 sin\u00f4nimo de sofistica\u00e7\u00e3o e aconchego. Com toque ultra macio, brilho elegante e caimento impec\u00e1vel, ele transforma qualquer estofado em uma pe\u00e7a luxuosa e acolhedora. Ideal para quem deseja aliar conforto e requinte em projetos de reforma, o veludo premium eleva o n\u00edvel do seu ambiente e valoriza os detalhes com charme atemporal.<\/p>\n<h2 data-start=\"736\" data-end=\"767\">Durabilidade Aliada \u00e0 Maciez<\/h2>\n<p data-start=\"769\" data-end=\"1124\">Al\u00e9m de bonito e agrad\u00e1vel ao toque, o <strong data-start=\"808\" data-end=\"826\">Veludo Premium<\/strong> \u00e9 resistente ao uso di\u00e1rio e de f\u00e1cil manuten\u00e7\u00e3o. Seu desempenho t\u00e9cnico garante maior durabilidade, mesmo em estofados com alto giro de uso \u2014 sem abrir m\u00e3o da maciez que s\u00f3 o veludo oferece. Perfeito para resid\u00eancias elegantes, escrit\u00f3rios, consult\u00f3rios e ambientes comerciais com toque refinado.<\/p>\n<h2 data-start=\"1273\" data-end=\"1317\">Paleta de Cores Ricas e Textura Atemporal<\/h2>\n<p data-start=\"1319\" data-end=\"1684\">Dispon\u00edvel em uma paleta sofisticada de tons neutros e vibrantes, o <strong data-start=\"1387\" data-end=\"1405\">Veludo Premium<\/strong> se adapta com perfei\u00e7\u00e3o a diversos estilos de decora\u00e7\u00e3o, do cl\u00e1ssico ao contempor\u00e2neo. Sua textura rica e uniforme cria profundidade visual e transmite personalidade ao ambiente. \u00c9 a escolha de arquitetos, designers e estofadores que querem surpreender com acabamento impec\u00e1vel.<\/p>\n","protected":false},"excerpt":{"rendered":"<p>O <strong data-start=\"224\" data-end=\"266\">Veludo da Linha Premium Marinho Couros<\/strong> \u00e9 sin\u00f4nimo de sofistica\u00e7\u00e3o e aconchego. Com toque ultra macio, brilho elegante e caimento impec\u00e1vel, ele transforma qualquer estofado em uma pe\u00e7a luxuosa e acolhedora. Ideal para quem deseja aliar conforto e requinte em projetos de reforma, o veludo premium eleva o n\u00edvel do seu ambiente e valoriza os detalhes com charme atemporal.<\/p>\n<p>**CONSULTAR DISPONIBILIDADE DE ESTOQUE ANTES DA COMPRA**<\/p>\n","protected":false},"featured_media":17572,"comment_status":"open","ping_status":"closed","template":"","meta":[],"product_brand":[],"product_cat":[777,775,789,41],"product_tag":[],"class_list":{"0":"post-16768","1":"product","2":"type-product","3":"status-publish","4":"has-post-thumbnail","6":"product_cat-tecidos","7":"product_cat-tecidos-e-sinteticos-para-sofa","8":"product_cat-tecidos-exclusivos","9":"product_cat-todos","10":"product_shipping_class-tecidos-a140-r40","12":"first","13":"instock","14":"shipping-taxable","15":"purchasable","16":"product-type-variable"},"_links":{"self":[{"href":"https:\/\/homologacao.marinhocouros.com.br\/homologacao_2026\/wp-json\/wp\/v2\/product\/16768","targetHints":{"allow":["GET"]}}],"collection":[{"href":"https:\/\/homologacao.marinhocouros.com.br\/homologacao_2026\/wp-json\/wp\/v2\/product"}],"about":[{"href":"https:\/\/homologacao.marinhocouros.com.br\/homologacao_2026\/wp-json\/wp\/v2\/types\/product"}],"replies":[{"embeddable":true,"href":"https:\/\/homologacao.marinhocouros.com.br\/homologacao_2026\/wp-json\/wp\/v2\/comments?post=16768"}],"version-history":[{"count":0,"href":"https:\/\/homologacao.marinhocouros.com.br\/homologacao_2026\/wp-json\/wp\/v2\/product\/16768\/revisions"}],"wp:featuredmedia":[{"embeddable":true,"href":"https:\/\/homologacao.marinhocouros.com.br\/homologacao_2026\/wp-json\/wp\/v2\/media\/17572"}],"wp:attachment":[{"href":"https:\/\/homologacao.marinhocouros.com.br\/homologacao_2026\/wp-json\/wp\/v2\/media?parent=16768"}],"wp:term":[{"taxonomy":"product_brand","embeddable":true,"href":"https:\/\/homologacao.marinhocouros.com.br\/homologacao_2026\/wp-json\/wp\/v2\/product_brand?post=16768"},{"taxonomy":"product_cat","embeddable":true,"href":"https:\/\/homologacao.marinhocouros.com.br\/homologacao_2026\/wp-json\/wp\/v2\/product_cat?post=16768"},{"taxonomy":"product_tag","embeddable":true,"href":"https:\/\/homologacao.marinhocouros.com.br\/homologacao_2026\/wp-json\/wp\/v2\/product_tag?post=16768"}],"curies":[{"name":"wp","href":"https:\/\/api.w.org\/{rel}","templated":true}]}}