{"id":16828,"date":"2025-05-30T16:51:12","date_gmt":"2025-05-30T19:51:12","guid":{"rendered":"https:\/\/marinhocouros.com.br\/?post_type=product&#038;p=16828"},"modified":"2026-04-20T17:40:11","modified_gmt":"2026-04-20T20:40:11","slug":"sintetico-mali","status":"publish","type":"product","link":"https:\/\/homologacao.marinhocouros.com.br\/homologacao_2026\/produto\/sintetico-mali\/","title":{"rendered":"Sint\u00e9tico Mali"},"content":{"rendered":"<h2 data-start=\"159\" data-end=\"212\">Courvim Mali Premium: Sofistica\u00e7\u00e3o em Cada Detalhe<\/h2>\n<p data-start=\"214\" data-end=\"682\">O <strong data-start=\"216\" data-end=\"264\">Courvim Mali da Linha Premium Marinho Couros<\/strong> foi criado para elevar o padr\u00e3o dos projetos de estofamento com um acabamento impec\u00e1vel e visual exclusivo. Com textura suave, toque sofisticado e uma apar\u00eancia que remete ao couro natural de alto padr\u00e3o, o Mali transforma qualquer m\u00f3vel em uma pe\u00e7a de destaque. Ideal para projetos que buscam sofistica\u00e7\u00e3o, inova\u00e7\u00e3o e uma est\u00e9tica contempor\u00e2nea, o Mali \u00e9 a escolha de quem valoriza design e qualidade sem concess\u00f5es.<\/p>\n<h2 data-start=\"820\" data-end=\"862\">Alta Tecnologia com Acabamento Superior<\/h2>\n<p data-start=\"864\" data-end=\"1230\">Produzido com tecnologia avan\u00e7ada, o <strong data-start=\"901\" data-end=\"917\">Courvim Mali<\/strong> oferece resist\u00eancia \u00e0 abras\u00e3o, estabilidade dimensional e excelente desempenho em ambientes internos. Sua superf\u00edcie \u00e9 f\u00e1cil de limpar, resistente a manchas e \u00e0 a\u00e7\u00e3o do tempo \u2014 perfeita para projetos exigentes, com alto padr\u00e3o t\u00e9cnico. Um courvim pensado para durar, sem perder a eleg\u00e2ncia nem a leveza ao toque.<\/p>\n<h2 data-start=\"1400\" data-end=\"1440\">Visual Atemporal com Textura Elegante<\/h2>\n<p data-start=\"1442\" data-end=\"1838\">O <strong data-start=\"1444\" data-end=\"1452\">Mali<\/strong> traz uma paleta de cores refinadas e uma textura suave\u00a0 que se adapta tanto a ambientes cl\u00e1ssicos quanto contempor\u00e2neos. \u00c9 ideal para quem busca um revestimento que valorize o m\u00f3vel e o ambiente, transmitindo sofistica\u00e7\u00e3o e exclusividade. Indicado por designers de interiores e aprovado por marcas exigentes de estofados, o Mali \u00e9 sin\u00f4nimo de bom gosto e inova\u00e7\u00e3o.<\/p>\n","protected":false},"excerpt":{"rendered":"<p>O <strong data-start=\"216\" data-end=\"264\">Courvim Mali da Linha Premium Marinho Couros<\/strong> foi criado para elevar o padr\u00e3o dos projetos de estofamento com um acabamento impec\u00e1vel e visual exclusivo.<\/p>\n<p>Com textura suave, toque sofisticado e uma apar\u00eancia que remete ao couro natural de alto padr\u00e3o, o Mali transforma qualquer m\u00f3vel em uma pe\u00e7a de destaque.<\/p>\n<p>Ideal para projetos que buscam sofistica\u00e7\u00e3o, inova\u00e7\u00e3o e uma est\u00e9tica contempor\u00e2nea, o Mali \u00e9 a escolha de quem valoriza design e qualidade sem concess\u00f5es.<\/p>\n<p>**CONSULTAR DISPONIBILIDADE DE ESTOQUE ANTES DA COMPRA**<\/p>\n","protected":false},"featured_media":16831,"comment_status":"open","ping_status":"closed","template":"","meta":[],"product_brand":[],"product_cat":[778,776,775,41],"product_tag":[],"class_list":{"0":"post-16828","1":"product","2":"type-product","3":"status-publish","4":"has-post-thumbnail","6":"product_cat-sintetico-exclusivo","7":"product_cat-sinteticos","8":"product_cat-tecidos-e-sinteticos-para-sofa","9":"product_cat-todos","10":"product_shipping_class-tecidos-a140-r30","12":"first","13":"instock","14":"shipping-taxable","15":"purchasable","16":"product-type-variable"},"_links":{"self":[{"href":"https:\/\/homologacao.marinhocouros.com.br\/homologacao_2026\/wp-json\/wp\/v2\/product\/16828","targetHints":{"allow":["GET"]}}],"collection":[{"href":"https:\/\/homologacao.marinhocouros.com.br\/homologacao_2026\/wp-json\/wp\/v2\/product"}],"about":[{"href":"https:\/\/homologacao.marinhocouros.com.br\/homologacao_2026\/wp-json\/wp\/v2\/types\/product"}],"replies":[{"embeddable":true,"href":"https:\/\/homologacao.marinhocouros.com.br\/homologacao_2026\/wp-json\/wp\/v2\/comments?post=16828"}],"version-history":[{"count":0,"href":"https:\/\/homologacao.marinhocouros.com.br\/homologacao_2026\/wp-json\/wp\/v2\/product\/16828\/revisions"}],"wp:featuredmedia":[{"embeddable":true,"href":"https:\/\/homologacao.marinhocouros.com.br\/homologacao_2026\/wp-json\/wp\/v2\/media\/16831"}],"wp:attachment":[{"href":"https:\/\/homologacao.marinhocouros.com.br\/homologacao_2026\/wp-json\/wp\/v2\/media?parent=16828"}],"wp:term":[{"taxonomy":"product_brand","embeddable":true,"href":"https:\/\/homologacao.marinhocouros.com.br\/homologacao_2026\/wp-json\/wp\/v2\/product_brand?post=16828"},{"taxonomy":"product_cat","embeddable":true,"href":"https:\/\/homologacao.marinhocouros.com.br\/homologacao_2026\/wp-json\/wp\/v2\/product_cat?post=16828"},{"taxonomy":"product_tag","embeddable":true,"href":"https:\/\/homologacao.marinhocouros.com.br\/homologacao_2026\/wp-json\/wp\/v2\/product_tag?post=16828"}],"curies":[{"name":"wp","href":"https:\/\/api.w.org\/{rel}","templated":true}]}}