{"id":17035,"date":"2025-07-24T16:29:49","date_gmt":"2025-07-24T19:29:49","guid":{"rendered":"https:\/\/marinhocouros.com.br\/?post_type=product&#038;p=17035"},"modified":"2026-04-20T17:40:57","modified_gmt":"2026-04-20T20:40:57","slug":"sintetico-nevada","status":"publish","type":"product","link":"https:\/\/homologacao.marinhocouros.com.br\/homologacao_2026\/produto\/sintetico-nevada\/","title":{"rendered":"Sint\u00e9tico Nevada"},"content":{"rendered":"<h2 data-start=\"159\" data-end=\"226\">Courvim Premium: Acabamento Sofisticado para Reformas Exclusivas<\/h2>\n<p data-start=\"228\" data-end=\"664\">O <strong data-start=\"230\" data-end=\"267\">Courvim Premium da Marinho Couros<\/strong> \u00e9 a escolha definitiva para quem deseja transformar um estofado comum em uma verdadeira pe\u00e7a de design. Desenvolvido com tecnologia avan\u00e7ada, acabamento de alto padr\u00e3o e curadoria criteriosa, ele oferece visual elegante, textura refinada e durabilidade incompar\u00e1vel. Ideal para projetos que exigem requinte e personalidade, \u00e9 o courvim preferido dos profissionais que n\u00e3o abrem m\u00e3o da excel\u00eancia.<\/p>\n<h2 data-start=\"820\" data-end=\"861\">Desempenho T\u00e9cnico e Conforto no Toque<\/h2>\n<p data-start=\"863\" data-end=\"1248\">Mais do que bonito, o <strong data-start=\"885\" data-end=\"904\">Courvim Premium<\/strong> \u00e9 resistente ao uso intenso, possui excelente estabilidade dimensional, f\u00e1cil limpeza e \u00e9 altamente dur\u00e1vel. Sua superf\u00edcie \u00e9 macia ao toque e garante conforto mesmo com o passar dos anos. Um courvim feito para resistir ao tempo e manter o alto padr\u00e3o visual, mesmo em estofados com uso frequente \u2014 seja em resid\u00eancias ou ambientes comerciais.<\/p>\n<h2 data-start=\"1415\" data-end=\"1470\">Variedade de Texturas e Cores que Valorizam o Espa\u00e7o<\/h2>\n<p data-start=\"1472\" data-end=\"1862\">Dispon\u00edvel em cores elegantes e texturas exclusivas, o <strong data-start=\"1527\" data-end=\"1546\">Courvim Premium<\/strong> se adapta a diferentes estilos de decora\u00e7\u00e3o \u2014 do cl\u00e1ssico ao contempor\u00e2neo. \u00c9 perfeito para quem busca destacar o estofado como elemento central do ambiente, transmitindo personalidade e bom gosto. A escolha ideal para estofadores, arquitetos e decoradores que desejam surpreender seus clientes com projetos \u00fanicos.<\/p>\n","protected":false},"excerpt":{"rendered":"<p>O <strong data-start=\"230\" data-end=\"267\">Courvim Premium da Marinho Couros<\/strong> \u00e9 a escolha definitiva para quem deseja transformar um estofado comum em uma verdadeira pe\u00e7a de design. Desenvolvido com tecnologia avan\u00e7ada, acabamento de alto padr\u00e3o e curadoria criteriosa, ele oferece visual elegante, textura refinada e durabilidade incompar\u00e1vel. Ideal para projetos que exigem requinte e personalidade, \u00e9 o courvim preferido dos profissionais que n\u00e3o abrem m\u00e3o da excel\u00eancia.<\/p>\n","protected":false},"featured_media":17037,"comment_status":"open","ping_status":"closed","template":"","meta":[],"product_brand":[],"product_cat":[778,776,775,41],"product_tag":[],"class_list":{"0":"post-17035","1":"product","2":"type-product","3":"status-publish","4":"has-post-thumbnail","6":"product_cat-sintetico-exclusivo","7":"product_cat-sinteticos","8":"product_cat-tecidos-e-sinteticos-para-sofa","9":"product_cat-todos","10":"product_shipping_class-tecidos-a140-r30","12":"first","13":"instock","14":"shipping-taxable","15":"purchasable","16":"product-type-variable"},"_links":{"self":[{"href":"https:\/\/homologacao.marinhocouros.com.br\/homologacao_2026\/wp-json\/wp\/v2\/product\/17035","targetHints":{"allow":["GET"]}}],"collection":[{"href":"https:\/\/homologacao.marinhocouros.com.br\/homologacao_2026\/wp-json\/wp\/v2\/product"}],"about":[{"href":"https:\/\/homologacao.marinhocouros.com.br\/homologacao_2026\/wp-json\/wp\/v2\/types\/product"}],"replies":[{"embeddable":true,"href":"https:\/\/homologacao.marinhocouros.com.br\/homologacao_2026\/wp-json\/wp\/v2\/comments?post=17035"}],"version-history":[{"count":0,"href":"https:\/\/homologacao.marinhocouros.com.br\/homologacao_2026\/wp-json\/wp\/v2\/product\/17035\/revisions"}],"wp:featuredmedia":[{"embeddable":true,"href":"https:\/\/homologacao.marinhocouros.com.br\/homologacao_2026\/wp-json\/wp\/v2\/media\/17037"}],"wp:attachment":[{"href":"https:\/\/homologacao.marinhocouros.com.br\/homologacao_2026\/wp-json\/wp\/v2\/media?parent=17035"}],"wp:term":[{"taxonomy":"product_brand","embeddable":true,"href":"https:\/\/homologacao.marinhocouros.com.br\/homologacao_2026\/wp-json\/wp\/v2\/product_brand?post=17035"},{"taxonomy":"product_cat","embeddable":true,"href":"https:\/\/homologacao.marinhocouros.com.br\/homologacao_2026\/wp-json\/wp\/v2\/product_cat?post=17035"},{"taxonomy":"product_tag","embeddable":true,"href":"https:\/\/homologacao.marinhocouros.com.br\/homologacao_2026\/wp-json\/wp\/v2\/product_tag?post=17035"}],"curies":[{"name":"wp","href":"https:\/\/api.w.org\/{rel}","templated":true}]}}