{"id":17852,"date":"2025-09-22T16:08:39","date_gmt":"2025-09-22T19:08:39","guid":{"rendered":"https:\/\/marinhocouros.com.br\/?post_type=product&#038;p=17852"},"modified":"2026-04-24T09:14:33","modified_gmt":"2026-04-24T12:14:33","slug":"autocron-pointer","status":"publish","type":"product","link":"https:\/\/homologacao.marinhocouros.com.br\/homologacao_2026\/produto\/autocron-pointer\/","title":{"rendered":"Autocron Pointer"},"content":{"rendered":"<h2 data-renderer-start-pos=\"1\">AUTOCRON: Revestimento Sint\u00e9tico Premium para Volantes Automotivos<\/h2>\n<p data-renderer-start-pos=\"69\">O <strong data-renderer-mark=\"true\">AUTOCRON<\/strong> \u00e9 um revestimento sint\u00e9tico desenvolvido especialmente para <strong data-renderer-mark=\"true\">volantes automotivos<\/strong>, oferecendo o que h\u00e1 de mais avan\u00e7ado em <strong data-renderer-mark=\"true\">acabamento, conforto e durabilidade<\/strong>.<\/p>\n<p data-renderer-start-pos=\"69\">Com tecnologia de ponta e variedade de texturas, o Autocron transforma a tape\u00e7aria automotiva, entregando um toque refinado e resist\u00eancia superior \u2014 ideal para quem atua no mercado de <strong data-renderer-mark=\"true\">reposi\u00e7\u00e3o e personaliza\u00e7\u00e3o automotiva profissional<\/strong>.<\/p>\n<h2 data-renderer-start-pos=\"477\">Acabamento Profissional com Toque de Sofistica\u00e7\u00e3o<\/h2>\n<p data-renderer-start-pos=\"528\">A <strong data-renderer-mark=\"true\">linha Autocron<\/strong> garante um acabamento de alto padr\u00e3o, elevando o visual do volante ao n\u00edvel dos estofamentos mais sofisticados. Seu toque agrad\u00e1vel proporciona uma <strong data-renderer-mark=\"true\">experi\u00eancia de dire\u00e7\u00e3o mais confort\u00e1vel e segura<\/strong>, ao mesmo tempo em que melhora a est\u00e9tica interna do ve\u00edculo. A solu\u00e7\u00e3o perfeita para profissionais exigentes que buscam excel\u00eancia em cada detalhe.<\/p>\n<h2 data-renderer-start-pos=\"893\">Durabilidade e Variedade para Personaliza\u00e7\u00e3o Automotiva<\/h2>\n<p data-renderer-start-pos=\"950\">Projetado para suportar o <strong data-renderer-mark=\"true\">uso cont\u00ednuo e intenso<\/strong>, o <strong data-renderer-mark=\"true\">AUTOCRON<\/strong> se destaca por sua <strong data-renderer-mark=\"true\">alta resist\u00eancia ao desgaste<\/strong>, essencial em uma das partes mais utilizadas do carro. Com uma ampla gama de <strong data-renderer-mark=\"true\">texturas e acabamentos<\/strong>, \u00e9 poss\u00edvel personalizar volantes de forma criativa e exclusiva, alinhando estilo, conforto e desempenho.<\/p>\n","protected":false},"excerpt":{"rendered":"<h2 data-renderer-start-pos=\"1\">AUTOCRON: Revestimento Sint\u00e9tico Premium para Volantes Automotivos<\/h2>\n<p data-renderer-start-pos=\"69\">O <strong data-renderer-mark=\"true\">AUTOCRON<\/strong> \u00e9 um revestimento sint\u00e9tico desenvolvido especialmente para <strong data-renderer-mark=\"true\">volantes automotivos<\/strong>, oferecendo o que h\u00e1 de mais avan\u00e7ado em <strong data-renderer-mark=\"true\">acabamento, conforto e durabilidade<\/strong>.<\/p>\n<p data-renderer-start-pos=\"69\">Com tecnologia de ponta e variedade de texturas, o Autocron transforma a tape\u00e7aria automotiva, entregando um toque refinado e resist\u00eancia superior \u2014 ideal para quem atua no mercado de <strong data-renderer-mark=\"true\">reposi\u00e7\u00e3o e personaliza\u00e7\u00e3o automotiva profissional<\/strong>.<\/p>\n","protected":false},"featured_media":17848,"comment_status":"open","ping_status":"closed","template":"","meta":[],"product_brand":[],"product_cat":[910,825,818,41],"product_tag":[],"class_list":{"0":"post-17852","1":"product","2":"type-product","3":"status-publish","4":"has-post-thumbnail","6":"product_cat-courvim-autocron-volante","7":"product_cat-sinteticos-para-bancos","8":"product_cat-tecidos-e-sinteticos-para-autos","9":"product_cat-todos","10":"product_shipping_class-tecidos-a140-r15","12":"first","13":"instock","14":"shipping-taxable","15":"purchasable","16":"product-type-variable"},"_links":{"self":[{"href":"https:\/\/homologacao.marinhocouros.com.br\/homologacao_2026\/wp-json\/wp\/v2\/product\/17852","targetHints":{"allow":["GET"]}}],"collection":[{"href":"https:\/\/homologacao.marinhocouros.com.br\/homologacao_2026\/wp-json\/wp\/v2\/product"}],"about":[{"href":"https:\/\/homologacao.marinhocouros.com.br\/homologacao_2026\/wp-json\/wp\/v2\/types\/product"}],"replies":[{"embeddable":true,"href":"https:\/\/homologacao.marinhocouros.com.br\/homologacao_2026\/wp-json\/wp\/v2\/comments?post=17852"}],"version-history":[{"count":0,"href":"https:\/\/homologacao.marinhocouros.com.br\/homologacao_2026\/wp-json\/wp\/v2\/product\/17852\/revisions"}],"wp:featuredmedia":[{"embeddable":true,"href":"https:\/\/homologacao.marinhocouros.com.br\/homologacao_2026\/wp-json\/wp\/v2\/media\/17848"}],"wp:attachment":[{"href":"https:\/\/homologacao.marinhocouros.com.br\/homologacao_2026\/wp-json\/wp\/v2\/media?parent=17852"}],"wp:term":[{"taxonomy":"product_brand","embeddable":true,"href":"https:\/\/homologacao.marinhocouros.com.br\/homologacao_2026\/wp-json\/wp\/v2\/product_brand?post=17852"},{"taxonomy":"product_cat","embeddable":true,"href":"https:\/\/homologacao.marinhocouros.com.br\/homologacao_2026\/wp-json\/wp\/v2\/product_cat?post=17852"},{"taxonomy":"product_tag","embeddable":true,"href":"https:\/\/homologacao.marinhocouros.com.br\/homologacao_2026\/wp-json\/wp\/v2\/product_tag?post=17852"}],"curies":[{"name":"wp","href":"https:\/\/api.w.org\/{rel}","templated":true}]}}